{"id":1023,"date":"2026-01-14T10:44:42","date_gmt":"2026-01-14T10:44:42","guid":{"rendered":"https:\/\/www.lemonloo.com\/espace-aquatique\/"},"modified":"2026-03-11T09:11:27","modified_gmt":"2026-03-11T09:11:27","slug":"espace-aquatique","status":"publish","type":"page","link":"https:\/\/www.lemonloo.com\/en\/espace-aquatique\/","title":{"rendered":"Espace Aquatique"},"content":{"rendered":"\n<div class=\"wp-block-group alignfull lml-slider-wrapper has-quaternary-background-color has-background is-layout-flow wp-block-group-is-layout-flow\">\n<div class=\"wp-block-group lml-mask is-layout-flow wp-block-group-is-layout-flow\" style=\"padding-right:0;padding-left:0\">\n<div class=\"wp-block-cover has-custom-content-position is-position-bottom-center lml-slide swiper-slide\" style=\"padding-top:0\"><img alt=\"\" decoding=\"async\" width=\"1920\" height=\"1277\" class=\"wp-block-cover__image-background wp-image-244 size-full\" alt=\"\" src=\"https:\/\/www.lemonloo.com\/wp-content\/uploads\/2026\/01\/10082016-DSC_7613_1st-edit.webp\" data-object-fit=\"cover\" srcset=\"https:\/\/www.lemonloo.com\/wp-content\/uploads\/2026\/01\/10082016-DSC_7613_1st-edit.webp 1920w, https:\/\/www.lemonloo.com\/wp-content\/uploads\/2026\/01\/10082016-DSC_7613_1st-edit-300x200.webp 300w, https:\/\/www.lemonloo.com\/wp-content\/uploads\/2026\/01\/10082016-DSC_7613_1st-edit-1024x681.webp 1024w, https:\/\/www.lemonloo.com\/wp-content\/uploads\/2026\/01\/10082016-DSC_7613_1st-edit-768x511.webp 768w, https:\/\/www.lemonloo.com\/wp-content\/uploads\/2026\/01\/10082016-DSC_7613_1st-edit-720x480.webp 720w, https:\/\/www.lemonloo.com\/wp-content\/uploads\/2026\/01\/10082016-DSC_7613_1st-edit-480x320.webp 480w, https:\/\/www.lemonloo.com\/wp-content\/uploads\/2026\/01\/10082016-DSC_7613_1st-edit-240x160.webp 240w, https:\/\/www.lemonloo.com\/wp-content\/uploads\/2026\/01\/10082016-DSC_7613_1st-edit-120x80.webp 120w\" sizes=\"(max-width: 1920px) 100vw, 1920px\" \/><span aria-hidden=\"true\" class=\"wp-block-cover__background has-background-dim wp-block-cover__gradient-background has-background-gradient\" style=\"background:linear-gradient(0deg,rgb(0,0,0) 0%,rgba(0,0,0,0) 100%)\"><\/span><div class=\"wp-block-cover__inner-container has-global-padding is-layout-constrained wp-container-core-cover-is-layout-76f8b422 wp-block-cover-is-layout-constrained\">\n<p class=\"has-text-align-right is-style-hrz-p--title has-secondary-color has-text-color has-link-color wp-elements-c51671dfb8d86a31fe265bf5096d43b3\" style=\"padding-top:40vh\">Discover our<br\/><em>aquatic area<\/em><\/p>\n<\/div><\/div>\n<\/div>\n<\/div>\n\n<div class=\"wp-block-group alignfull is-style-bg-branche-d no-padding is-layout-flow wp-block-group-is-layout-flow\" style=\"padding-top:5rem\">\n<div class=\"wp-block-group has-global-padding is-layout-constrained wp-container-core-group-is-layout-a15e7989 wp-block-group-is-layout-constrained\" style=\"margin-top:0;margin-bottom:0;padding-top:var(--wp--preset--spacing--huge);padding-right:var(--wp--preset--spacing--m);padding-bottom:var(--wp--preset--spacing--huge);padding-left:var(--wp--preset--spacing--m)\">\n<div class=\"wp-block-group elem elem4 is-layout-flow wp-block-group-is-layout-flow\">\n<figure class=\"wp-block-image size-full wp-duotone-bg-v-clair\"><img alt=\"\" decoding=\"async\" src=\"https:\/\/www.lemonloo.com\/wp-content\/uploads\/2026\/01\/FLEURS-1.svg\" alt=\"\" class=\"wp-image-241\"\/><\/figure>\n<\/div>\n\n\n\n<div class=\"wp-block-group is-vertical is-content-justification-center is-layout-flex wp-container-core-group-is-layout-b6c1f246 wp-block-group-is-layout-flex\">\n<h1 class=\"wp-block-heading has-text-align-center is-style-hrz-title--sub has-secondary-color has-text-color has-link-color wp-elements-979ac64eaf8f0981f43d4b82db7ad4c7\" style=\"margin-bottom:var(--wp--preset--spacing--xs)\">Hautes-Pyr\u00e9n\u00e9es campsite with swimming pool<\/h1>\n\n\n\n<p class=\"has-text-align-center is-style-hrz-p--subtitlebis has-vert-bis-color has-text-color has-link-color wp-elements-84528cc0e8b0c7b9ce51d843add7cc79\" style=\"margin-bottom:var(--wp--preset--spacing--xl)\">Swimming pool and natural lagoon<\/p>\n\n\n\n<p class=\"has-text-align-center is-style-hrz-p--base has-secondary-color has-text-color has-link-color wp-elements-314c9f9fd4b6ca509cd6d2ec7e66a221\">Welcome to the Hautes-Pyr\u00e9n\u00e9es campsite in the heart of the South-West! Our 4-star Monl\u00f4o campsite in Bagn\u00e8res-de-Bigorre is a veritable paradise for mountain and nature lovers. In the heart of this exceptional setting, our establishment offers two aquatic areas for unforgettable vacations with family or friends: an indoor swimming pool heated from April to October inclusive, and a natural lagoon open from mid-June to mid-September.  <\/p>\n<\/div>\n<\/div>\n\n\n\n<div class=\"wp-block-group lml-content-base has-global-padding is-layout-constrained wp-container-core-group-is-layout-0f10bfcc wp-block-group-is-layout-constrained\" style=\"padding-top:10rem;padding-bottom:10rem\">\n<div class=\"wp-block-columns is-content-hidden is-layout-flex wp-container-core-columns-is-layout-48f035cc wp-block-columns-is-layout-flex\">\n<div class=\"wp-block-column col-left is-layout-flow wp-block-column-is-layout-flow\">\n<div class=\"wp-block-group anim-speed-m elem5b has-global-padding is-layout-constrained wp-block-group-is-layout-constrained\">\n<figure class=\"wp-block-image size-large is-resized has-custom-border is-style-hrz-img--three\"><img alt=\"\" decoding=\"async\" width=\"1024\" height=\"681\" src=\"https:\/\/www.lemonloo.com\/wp-content\/uploads\/2026\/03\/10082016-dsc_7670_1st-edit-1024x681.webp\" alt=\"\" class=\"wp-image-841\" style=\"border-top-left-radius:2000px;border-top-right-radius:2000px;border-bottom-left-radius:2000px;border-bottom-right-radius:2000px;object-fit:cover;width:650px;height:650px\" srcset=\"https:\/\/www.lemonloo.com\/wp-content\/uploads\/2026\/03\/10082016-dsc_7670_1st-edit-1024x681.webp 1024w, https:\/\/www.lemonloo.com\/wp-content\/uploads\/2026\/03\/10082016-dsc_7670_1st-edit-300x200.webp 300w, https:\/\/www.lemonloo.com\/wp-content\/uploads\/2026\/03\/10082016-dsc_7670_1st-edit-768x511.webp 768w, https:\/\/www.lemonloo.com\/wp-content\/uploads\/2026\/03\/10082016-dsc_7670_1st-edit-720x480.webp 720w, https:\/\/www.lemonloo.com\/wp-content\/uploads\/2026\/03\/10082016-dsc_7670_1st-edit-480x320.webp 480w, https:\/\/www.lemonloo.com\/wp-content\/uploads\/2026\/03\/10082016-dsc_7670_1st-edit-240x160.webp 240w, https:\/\/www.lemonloo.com\/wp-content\/uploads\/2026\/03\/10082016-dsc_7670_1st-edit-120x80.webp 120w, https:\/\/www.lemonloo.com\/wp-content\/uploads\/2026\/03\/10082016-dsc_7670_1st-edit.webp 1920w\" sizes=\"(max-width: 1024px) 100vw, 1024px\" \/><\/figure>\n<\/div>\n<\/div>\n\n\n\n<div class=\"wp-block-column col-right is-z1 is-layout-flow wp-container-core-column-is-layout-311d78d5 wp-block-column-is-layout-flow\" style=\"padding-right:var(--wp--preset--spacing--xs)\">\n<h2 class=\"wp-block-heading has-text-align-right is-style-hrz-title--sub has-secondary-color has-text-color has-link-color wp-elements-2923c2392de2bf334e70238787b01c34\" style=\"margin-bottom:var(--wp--preset--spacing--xs)\">Two bathing areas at the foot of the Col du Tourmalet<\/h2>\n\n\n\n<p class=\"has-text-align-right is-style-hrz-p--subtitlebis has-quaternary-color has-text-color has-link-color wp-elements-710247c4d3227d2b1d986d97cbbe82e2\" style=\"margin-bottom:var(--wp--preset--spacing--xl)\">2 exceptional bathing areas<\/p>\n\n\n\n<p class=\"has-text-align-right is-style-hrz-p--base has-quaternary-color has-text-color has-link-color wp-elements-318fdaa85ec417d626182784e8b21c1f\">At the 4* Monl\u00f4o campsite in Bagn\u00e8res de Bigorre, at the foot of the Col du Tourmalet, we offer you the chance to cool off and have fun in two exceptional swimming areas. Our indoor heated swimming pool, open from April to October inclusive, is a haven of relaxation where you can bask in pleasantly heated water, whatever the weather. Families with children will love the two waterslides, which offer unforgettable sliding fun. Younger children can also splash around safely in the pool adapted to their needs, under their parents&#8217; supervision.   <\/p>\n\n\n\n<p class=\"has-text-align-right is-style-hrz-p--base has-quaternary-color has-text-color has-link-color wp-elements-af9cd46ceb84359c551fda2bcba503ec\">If you&#8217;re looking for a more authentic, close-to-nature experience, our natural lagoon awaits you from mid-June to mid-September. This chemical-free paradise transports you to a world of relaxation and wonder. Imagine lying on a sandy beach, surrounded by mountains at the foot of the Col du Tourmalet and facing the Pic du Midi, or bathing in crystal-clear natural water. It&#8217;s a real privilege to be able to enjoy such an unspoilt environment in the heart of the Pyrenean mountains.   <\/p>\n<\/div>\n<\/div>\n<\/div>\n\n\n\n<div class=\"wp-block-group lml-content-base has-global-padding is-layout-constrained wp-container-core-group-is-layout-0f10bfcc wp-block-group-is-layout-constrained\" style=\"padding-top:10rem;padding-bottom:10rem\">\n<div class=\"wp-block-columns is-content-hidden is-layout-flex wp-container-core-columns-is-layout-bd3e6d7c wp-block-columns-is-layout-flex\">\n<div class=\"wp-block-column col-right is-z1 is-layout-flow wp-container-core-column-is-layout-311d78d5 wp-block-column-is-layout-flow\" style=\"padding-right:var(--wp--preset--spacing--xs)\">\n<h2 class=\"wp-block-heading has-text-align-right is-style-hrz-title--sub has-secondary-color has-text-color has-link-color wp-elements-6c7e2e7d3e93230e5f8ddb1d9a2bbb23\" style=\"margin-bottom:var(--wp--preset--spacing--xs)\">The campsite&#8217;s natural beach facing the Pic du Midi<\/h2>\n\n\n\n<p class=\"has-text-align-right is-style-hrz-p--subtitlebis has-quaternary-color has-text-color has-link-color wp-elements-fb8a44e202773e7c503d87ff182a4d92\" style=\"margin-bottom:var(--wp--preset--spacing--xl)\">A refreshing experience<\/p>\n\n\n\n<p class=\"has-text-align-right is-style-hrz-p--base has-quaternary-color has-text-color has-link-color wp-elements-69bdee6d8eee80917183f3d92c8934f0\">Located at the foot of the Col du Tourmalet and facing the majestic Pic du Midi, the Lagon natural beach is a real treasure at the heart of our 4-star campsite in the Hautes-Pyr\u00e9n\u00e9es. Open from mid-June to mid-September, this area offers a unique, chemical-free swimming experience in total harmony with the surrounding nature. <\/p>\n\n\n\n<p class=\"has-text-align-right is-style-hrz-p--base has-quaternary-color has-text-color has-link-color wp-elements-bd695febd57375ba5c4dc94283b93969\">Take advantage of the beach to bask in the sun or simply admire the spectacular scenery of the Pyrenean mountains. The more adventurous can indulge in a swim in the clear waters of the lagoon, a refreshing and invigorating experience, perfect after an afternoon discovering the surrounding area through the many hiking options on offer. <\/p>\n\n\n\n<p class=\"has-text-align-right is-style-hrz-p--base has-quaternary-color has-text-color has-link-color wp-elements-a6a6c01bb548e401b69a4d4e3781461d\">This aquatic area also offers you a privileged moment of relaxation thanks to the deckchairs available for sunbathing or enjoying the shade of the large umbrellas, sipping a cool drink and tasting an Eskimo, provided by our straw hut.<\/p>\n<\/div>\n\n\n\n<div class=\"wp-block-column is-vertically-aligned-center col-left is-layout-flow wp-block-column-is-layout-flow\">\n<div class=\"wp-block-group anim-speed-m elem5b has-global-padding is-layout-constrained wp-block-group-is-layout-constrained\">\n<figure class=\"wp-block-image size-large is-resized has-custom-border is-style-hrz-img--one\"><img alt=\"\" decoding=\"async\" width=\"1024\" height=\"560\" src=\"https:\/\/www.lemonloo.com\/wp-content\/uploads\/2026\/03\/monloo-lagoon-02-1-1024x560.webp\" alt=\"\" class=\"wp-image-839\" style=\"border-top-left-radius:2000px;border-top-right-radius:2000px;border-bottom-left-radius:2000px;border-bottom-right-radius:2000px;object-fit:cover;width:550px;height:550px\" srcset=\"https:\/\/www.lemonloo.com\/wp-content\/uploads\/2026\/03\/monloo-lagoon-02-1-1024x560.webp 1024w, https:\/\/www.lemonloo.com\/wp-content\/uploads\/2026\/03\/monloo-lagoon-02-1-300x164.webp 300w, https:\/\/www.lemonloo.com\/wp-content\/uploads\/2026\/03\/monloo-lagoon-02-1-768x420.webp 768w, https:\/\/www.lemonloo.com\/wp-content\/uploads\/2026\/03\/monloo-lagoon-02-1-100x56.webp 100w, https:\/\/www.lemonloo.com\/wp-content\/uploads\/2026\/03\/monloo-lagoon-02-1.webp 1920w\" sizes=\"(max-width: 1024px) 100vw, 1024px\" \/><\/figure>\n<\/div>\n<\/div>\n<\/div>\n<\/div>\n<\/div>\n\n<div class=\"wp-block-group alignfull lml-diaporama has-secondary-background-color has-background is-layout-flow wp-block-group-is-layout-flow\" style=\"padding-top:var(--wp--preset--spacing--xl);padding-bottom:var(--wp--preset--spacing--xl)\">\n<div class=\"wp-block-group diaporama-wrapper is-layout-flow wp-container-core-group-is-layout-5508ead3 wp-block-group-is-layout-flow\" style=\"padding-top:var(--wp--preset--spacing--xl);padding-bottom:var(--wp--preset--spacing--xl)\">\n<div class=\"wp-block-group diapo-row dr1 is-nowrap is-layout-flex wp-container-core-group-is-layout-31608b3b wp-block-group-is-layout-flex\">\n<div class=\"wp-block-group is-layout-flow wp-block-group-is-layout-flow\">\n<figure class=\"wp-block-image size-large has-custom-border\"><a href=\"https:\/\/www.lemonloo.com\/wp-content\/uploads\/2026\/03\/monloo-lagoon-04-1.webp\" rel=\"piscine\"><img alt=\"\" decoding=\"async\" width=\"1024\" height=\"858\" src=\"https:\/\/www.lemonloo.com\/wp-content\/uploads\/2026\/03\/monloo-lagoon-04-1-1024x858.webp\" alt=\"\" class=\"wp-image-822\" style=\"border-top-left-radius:16px;border-top-right-radius:16px;border-bottom-left-radius:16px;border-bottom-right-radius:16px;aspect-ratio:3\/2;object-fit:cover\" srcset=\"https:\/\/www.lemonloo.com\/wp-content\/uploads\/2026\/03\/monloo-lagoon-04-1-1024x858.webp 1024w, https:\/\/www.lemonloo.com\/wp-content\/uploads\/2026\/03\/monloo-lagoon-04-1-300x251.webp 300w, https:\/\/www.lemonloo.com\/wp-content\/uploads\/2026\/03\/monloo-lagoon-04-1-768x643.webp 768w, https:\/\/www.lemonloo.com\/wp-content\/uploads\/2026\/03\/monloo-lagoon-04-1.webp 1920w\" sizes=\"(max-width: 1024px) 100vw, 1024px\" \/><\/a><\/figure>\n<\/div>\n\n\n\n<div class=\"wp-block-group is-layout-flow wp-block-group-is-layout-flow\">\n<figure class=\"wp-block-image size-large has-custom-border\"><a href=\"https:\/\/www.lemonloo.com\/wp-content\/uploads\/2026\/01\/10082016-DSC_7613_1st-edit.webp\" rel=\"piscine\"><img alt=\"\" decoding=\"async\" width=\"1024\" height=\"681\" src=\"https:\/\/www.lemonloo.com\/wp-content\/uploads\/2026\/01\/10082016-DSC_7613_1st-edit-1024x681.webp\" alt=\"\" class=\"wp-image-244\" style=\"border-top-left-radius:16px;border-top-right-radius:16px;border-bottom-left-radius:16px;border-bottom-right-radius:16px;aspect-ratio:3\/2;object-fit:cover\" srcset=\"https:\/\/www.lemonloo.com\/wp-content\/uploads\/2026\/01\/10082016-DSC_7613_1st-edit-1024x681.webp 1024w, https:\/\/www.lemonloo.com\/wp-content\/uploads\/2026\/01\/10082016-DSC_7613_1st-edit-300x200.webp 300w, https:\/\/www.lemonloo.com\/wp-content\/uploads\/2026\/01\/10082016-DSC_7613_1st-edit-768x511.webp 768w, https:\/\/www.lemonloo.com\/wp-content\/uploads\/2026\/01\/10082016-DSC_7613_1st-edit-720x480.webp 720w, https:\/\/www.lemonloo.com\/wp-content\/uploads\/2026\/01\/10082016-DSC_7613_1st-edit-480x320.webp 480w, https:\/\/www.lemonloo.com\/wp-content\/uploads\/2026\/01\/10082016-DSC_7613_1st-edit-240x160.webp 240w, https:\/\/www.lemonloo.com\/wp-content\/uploads\/2026\/01\/10082016-DSC_7613_1st-edit-120x80.webp 120w, https:\/\/www.lemonloo.com\/wp-content\/uploads\/2026\/01\/10082016-DSC_7613_1st-edit.webp 1920w\" sizes=\"(max-width: 1024px) 100vw, 1024px\" \/><\/a><\/figure>\n<\/div>\n\n\n\n<div class=\"wp-block-group is-layout-flow wp-block-group-is-layout-flow\">\n<figure class=\"wp-block-image size-large has-custom-border\"><a href=\"https:\/\/www.lemonloo.com\/wp-content\/uploads\/2026\/03\/monloo-lagoon-02-1.webp\" rel=\"piscine\"><img alt=\"\" decoding=\"async\" width=\"1024\" height=\"560\" src=\"https:\/\/www.lemonloo.com\/wp-content\/uploads\/2026\/03\/monloo-lagoon-02-1-1024x560.webp\" alt=\"\" class=\"wp-image-839\" style=\"border-top-left-radius:16px;border-top-right-radius:16px;border-bottom-left-radius:16px;border-bottom-right-radius:16px;aspect-ratio:3\/2;object-fit:cover\" srcset=\"https:\/\/www.lemonloo.com\/wp-content\/uploads\/2026\/03\/monloo-lagoon-02-1-1024x560.webp 1024w, https:\/\/www.lemonloo.com\/wp-content\/uploads\/2026\/03\/monloo-lagoon-02-1-300x164.webp 300w, https:\/\/www.lemonloo.com\/wp-content\/uploads\/2026\/03\/monloo-lagoon-02-1-768x420.webp 768w, https:\/\/www.lemonloo.com\/wp-content\/uploads\/2026\/03\/monloo-lagoon-02-1-100x56.webp 100w, https:\/\/www.lemonloo.com\/wp-content\/uploads\/2026\/03\/monloo-lagoon-02-1.webp 1920w\" sizes=\"(max-width: 1024px) 100vw, 1024px\" \/><\/a><\/figure>\n<\/div>\n\n\n\n<div class=\"wp-block-group is-layout-flow wp-block-group-is-layout-flow\">\n<figure class=\"wp-block-image size-large has-custom-border\"><a href=\"https:\/\/www.lemonloo.com\/wp-content\/uploads\/2026\/03\/crtloccitanie_0036704_md.webp\" rel=\"piscine\"><img alt=\"\" decoding=\"async\" width=\"1024\" height=\"683\" src=\"https:\/\/www.lemonloo.com\/wp-content\/uploads\/2026\/03\/crtloccitanie_0036704_md-1024x683.webp\" alt=\"\" class=\"wp-image-827\" style=\"border-top-left-radius:16px;border-top-right-radius:16px;border-bottom-left-radius:16px;border-bottom-right-radius:16px;aspect-ratio:3\/2;object-fit:cover\" srcset=\"https:\/\/www.lemonloo.com\/wp-content\/uploads\/2026\/03\/crtloccitanie_0036704_md-1024x683.webp 1024w, https:\/\/www.lemonloo.com\/wp-content\/uploads\/2026\/03\/crtloccitanie_0036704_md-300x200.webp 300w, https:\/\/www.lemonloo.com\/wp-content\/uploads\/2026\/03\/crtloccitanie_0036704_md-768x512.webp 768w, https:\/\/www.lemonloo.com\/wp-content\/uploads\/2026\/03\/crtloccitanie_0036704_md-1440x960.webp 1440w, https:\/\/www.lemonloo.com\/wp-content\/uploads\/2026\/03\/crtloccitanie_0036704_md-1080x720.webp 1080w, https:\/\/www.lemonloo.com\/wp-content\/uploads\/2026\/03\/crtloccitanie_0036704_md-720x480.webp 720w, https:\/\/www.lemonloo.com\/wp-content\/uploads\/2026\/03\/crtloccitanie_0036704_md-480x320.webp 480w, https:\/\/www.lemonloo.com\/wp-content\/uploads\/2026\/03\/crtloccitanie_0036704_md-240x160.webp 240w, https:\/\/www.lemonloo.com\/wp-content\/uploads\/2026\/03\/crtloccitanie_0036704_md-120x80.webp 120w, https:\/\/www.lemonloo.com\/wp-content\/uploads\/2026\/03\/crtloccitanie_0036704_md.webp 1920w\" sizes=\"(max-width: 1024px) 100vw, 1024px\" \/><\/a><\/figure>\n<\/div>\n<\/div>\n\n\n\n<div class=\"wp-block-group diapo-row dr2 is-nowrap is-layout-flex wp-container-core-group-is-layout-31608b3b wp-block-group-is-layout-flex\">\n<div class=\"wp-block-group is-layout-flow wp-block-group-is-layout-flow\">\n<figure class=\"wp-block-image size-large has-custom-border\"><a href=\"https:\/\/www.lemonloo.com\/wp-content\/uploads\/2026\/01\/10082016-DSC_7681.webp\" rel=\"piscine\"><img alt=\"\" decoding=\"async\" width=\"1024\" height=\"681\" src=\"https:\/\/www.lemonloo.com\/wp-content\/uploads\/2026\/01\/10082016-DSC_7681-1024x681.webp\" alt=\"\" class=\"wp-image-242\" style=\"border-top-left-radius:16px;border-top-right-radius:16px;border-bottom-left-radius:16px;border-bottom-right-radius:16px;aspect-ratio:3\/2;object-fit:cover\" srcset=\"https:\/\/www.lemonloo.com\/wp-content\/uploads\/2026\/01\/10082016-DSC_7681-1024x681.webp 1024w, https:\/\/www.lemonloo.com\/wp-content\/uploads\/2026\/01\/10082016-DSC_7681-300x200.webp 300w, https:\/\/www.lemonloo.com\/wp-content\/uploads\/2026\/01\/10082016-DSC_7681-768x511.webp 768w, https:\/\/www.lemonloo.com\/wp-content\/uploads\/2026\/01\/10082016-DSC_7681-720x480.webp 720w, https:\/\/www.lemonloo.com\/wp-content\/uploads\/2026\/01\/10082016-DSC_7681-480x320.webp 480w, https:\/\/www.lemonloo.com\/wp-content\/uploads\/2026\/01\/10082016-DSC_7681-240x160.webp 240w, https:\/\/www.lemonloo.com\/wp-content\/uploads\/2026\/01\/10082016-DSC_7681-120x80.webp 120w, https:\/\/www.lemonloo.com\/wp-content\/uploads\/2026\/01\/10082016-DSC_7681.webp 1920w\" sizes=\"(max-width: 1024px) 100vw, 1024px\" \/><\/a><\/figure>\n<\/div>\n\n\n\n<div class=\"wp-block-group is-layout-flow wp-block-group-is-layout-flow\">\n<figure class=\"wp-block-image size-large has-custom-border\"><a href=\"https:\/\/www.lemonloo.com\/wp-content\/uploads\/2026\/03\/10082016-dsc_7670_1st-edit.webp\" rel=\"piscine\"><img alt=\"\" decoding=\"async\" width=\"1024\" height=\"681\" src=\"https:\/\/www.lemonloo.com\/wp-content\/uploads\/2026\/03\/10082016-dsc_7670_1st-edit-1024x681.webp\" alt=\"\" class=\"wp-image-841\" style=\"border-top-left-radius:16px;border-top-right-radius:16px;border-bottom-left-radius:16px;border-bottom-right-radius:16px;aspect-ratio:3\/2;object-fit:cover\" srcset=\"https:\/\/www.lemonloo.com\/wp-content\/uploads\/2026\/03\/10082016-dsc_7670_1st-edit-1024x681.webp 1024w, https:\/\/www.lemonloo.com\/wp-content\/uploads\/2026\/03\/10082016-dsc_7670_1st-edit-300x200.webp 300w, https:\/\/www.lemonloo.com\/wp-content\/uploads\/2026\/03\/10082016-dsc_7670_1st-edit-768x511.webp 768w, https:\/\/www.lemonloo.com\/wp-content\/uploads\/2026\/03\/10082016-dsc_7670_1st-edit-720x480.webp 720w, https:\/\/www.lemonloo.com\/wp-content\/uploads\/2026\/03\/10082016-dsc_7670_1st-edit-480x320.webp 480w, https:\/\/www.lemonloo.com\/wp-content\/uploads\/2026\/03\/10082016-dsc_7670_1st-edit-240x160.webp 240w, https:\/\/www.lemonloo.com\/wp-content\/uploads\/2026\/03\/10082016-dsc_7670_1st-edit-120x80.webp 120w, https:\/\/www.lemonloo.com\/wp-content\/uploads\/2026\/03\/10082016-dsc_7670_1st-edit.webp 1920w\" sizes=\"(max-width: 1024px) 100vw, 1024px\" \/><\/a><\/figure>\n<\/div>\n\n\n\n<div class=\"wp-block-group is-layout-flow wp-block-group-is-layout-flow\">\n<figure class=\"wp-block-image size-large has-custom-border\"><a href=\"https:\/\/www.lemonloo.com\/wp-content\/uploads\/2026\/03\/toboggans.webp\" rel=\"piscine\"><img alt=\"\" decoding=\"async\" width=\"1024\" height=\"681\" src=\"https:\/\/www.lemonloo.com\/wp-content\/uploads\/2026\/03\/toboggans-1024x681.webp\" alt=\"\" class=\"wp-image-842\" style=\"border-top-left-radius:16px;border-top-right-radius:16px;border-bottom-left-radius:16px;border-bottom-right-radius:16px;aspect-ratio:3\/2;object-fit:cover\" srcset=\"https:\/\/www.lemonloo.com\/wp-content\/uploads\/2026\/03\/toboggans-1024x681.webp 1024w, https:\/\/www.lemonloo.com\/wp-content\/uploads\/2026\/03\/toboggans-300x200.webp 300w, https:\/\/www.lemonloo.com\/wp-content\/uploads\/2026\/03\/toboggans-768x511.webp 768w, https:\/\/www.lemonloo.com\/wp-content\/uploads\/2026\/03\/toboggans-720x480.webp 720w, https:\/\/www.lemonloo.com\/wp-content\/uploads\/2026\/03\/toboggans-480x320.webp 480w, https:\/\/www.lemonloo.com\/wp-content\/uploads\/2026\/03\/toboggans-240x160.webp 240w, https:\/\/www.lemonloo.com\/wp-content\/uploads\/2026\/03\/toboggans-120x80.webp 120w, https:\/\/www.lemonloo.com\/wp-content\/uploads\/2026\/03\/toboggans.webp 1920w\" sizes=\"(max-width: 1024px) 100vw, 1024px\" \/><\/a><\/figure>\n<\/div>\n\n\n\n<div class=\"wp-block-group is-layout-flow wp-block-group-is-layout-flow\">\n<figure class=\"wp-block-image size-large has-custom-border\"><a href=\"https:\/\/www.lemonloo.com\/wp-content\/uploads\/2026\/03\/11082016-dsc_8187_1st-edit.webp\" rel=\"piscine\"><img alt=\"\" decoding=\"async\" width=\"1024\" height=\"681\" src=\"https:\/\/www.lemonloo.com\/wp-content\/uploads\/2026\/03\/11082016-dsc_8187_1st-edit-1024x681.webp\" alt=\"\" class=\"wp-image-843\" style=\"border-top-left-radius:16px;border-top-right-radius:16px;border-bottom-left-radius:16px;border-bottom-right-radius:16px;aspect-ratio:3\/2;object-fit:cover\" srcset=\"https:\/\/www.lemonloo.com\/wp-content\/uploads\/2026\/03\/11082016-dsc_8187_1st-edit-1024x681.webp 1024w, https:\/\/www.lemonloo.com\/wp-content\/uploads\/2026\/03\/11082016-dsc_8187_1st-edit-300x200.webp 300w, https:\/\/www.lemonloo.com\/wp-content\/uploads\/2026\/03\/11082016-dsc_8187_1st-edit-768x511.webp 768w, https:\/\/www.lemonloo.com\/wp-content\/uploads\/2026\/03\/11082016-dsc_8187_1st-edit-720x480.webp 720w, https:\/\/www.lemonloo.com\/wp-content\/uploads\/2026\/03\/11082016-dsc_8187_1st-edit-480x320.webp 480w, https:\/\/www.lemonloo.com\/wp-content\/uploads\/2026\/03\/11082016-dsc_8187_1st-edit-240x160.webp 240w, https:\/\/www.lemonloo.com\/wp-content\/uploads\/2026\/03\/11082016-dsc_8187_1st-edit-120x80.webp 120w, https:\/\/www.lemonloo.com\/wp-content\/uploads\/2026\/03\/11082016-dsc_8187_1st-edit.webp 1920w\" sizes=\"(max-width: 1024px) 100vw, 1024px\" \/><\/a><\/figure>\n<\/div>\n<\/div>\n<\/div>\n<\/div>\n","protected":false},"excerpt":{"rendered":"<p>Hautes-Pyr\u00e9n\u00e9es campsite with swimming pool Swimming pool and natural lagoon Welcome to the Hautes-Pyr\u00e9n\u00e9es campsite in the heart of the South-West! Our 4-star Monl\u00f4o campsite in Bagn\u00e8res-de-Bigorre is a veritable paradise for mountain and nature lovers. In the heart of this exceptional setting, our establishment offers two aquatic areas for unforgettable vacations with family or [&hellip;]<\/p>\n","protected":false},"author":1,"featured_media":0,"parent":0,"menu_order":36,"comment_status":"closed","ping_status":"closed","template":"page-no-title","meta":{"_acf_changed":false,"_seopress_robots_primary_cat":"","_seopress_titles_title":"Camping Hautes-Pyr\u00e9n\u00e9es with swimming pool | Le Monl\u00f4o 4* | Camping 65","_seopress_titles_desc":"Discover the campsite's swimming facilities in Bagn\u00e8res de Bigorre; you can choose between a natural lagoon and a heated indoor pool.","_seopress_robots_index":"","footnotes":""},"class_list":["post-1023","page","type-page","status-publish","hentry"],"acf":[],"_links":{"self":[{"href":"https:\/\/www.lemonloo.com\/en\/wp-json\/wp\/v2\/pages\/1023","targetHints":{"allow":["GET"]}}],"collection":[{"href":"https:\/\/www.lemonloo.com\/en\/wp-json\/wp\/v2\/pages"}],"about":[{"href":"https:\/\/www.lemonloo.com\/en\/wp-json\/wp\/v2\/types\/page"}],"author":[{"embeddable":true,"href":"https:\/\/www.lemonloo.com\/en\/wp-json\/wp\/v2\/users\/1"}],"replies":[{"embeddable":true,"href":"https:\/\/www.lemonloo.com\/en\/wp-json\/wp\/v2\/comments?post=1023"}],"version-history":[{"count":2,"href":"https:\/\/www.lemonloo.com\/en\/wp-json\/wp\/v2\/pages\/1023\/revisions"}],"predecessor-version":[{"id":1025,"href":"https:\/\/www.lemonloo.com\/en\/wp-json\/wp\/v2\/pages\/1023\/revisions\/1025"}],"wp:attachment":[{"href":"https:\/\/www.lemonloo.com\/en\/wp-json\/wp\/v2\/media?parent=1023"}],"curies":[{"name":"wp","href":"https:\/\/api.w.org\/{rel}","templated":true}]}}