{"id":967,"date":"2026-01-29T14:07:18","date_gmt":"2026-01-29T14:07:18","guid":{"rendered":"https:\/\/www.lemonloo.com\/chalets\/"},"modified":"2026-03-11T08:32:00","modified_gmt":"2026-03-11T08:32:00","slug":"chalets","status":"publish","type":"page","link":"https:\/\/www.lemonloo.com\/en\/chalets\/","title":{"rendered":"Chalets"},"content":{"rendered":"\n<div class=\"wp-block-group alignfull lml-slider-wrapper has-quaternary-background-color has-background is-layout-flow wp-block-group-is-layout-flow\">\n<div class=\"wp-block-group lml-mask is-layout-flow wp-block-group-is-layout-flow\" style=\"padding-right:0;padding-left:0\">\n<div class=\"wp-block-cover has-custom-content-position is-position-bottom-center lml-slide swiper-slide\" style=\"padding-top:0\"><img alt=\"\" decoding=\"async\" width=\"1920\" height=\"1080\" class=\"wp-block-cover__image-background wp-image-818 size-16\/9_1920x1080_desktop\" alt=\"\" src=\"https:\/\/www.lemonloo.com\/wp-content\/uploads\/2026\/03\/monloo-chalet-01-1-1920x1080.webp\" data-object-fit=\"cover\" srcset=\"https:\/\/www.lemonloo.com\/wp-content\/uploads\/2026\/03\/monloo-chalet-01-1-1920x1080.webp 1920w, https:\/\/www.lemonloo.com\/wp-content\/uploads\/2026\/03\/monloo-chalet-01-1-1440x810.webp 1440w, https:\/\/www.lemonloo.com\/wp-content\/uploads\/2026\/03\/monloo-chalet-01-1-1366x768.webp 1366w, https:\/\/www.lemonloo.com\/wp-content\/uploads\/2026\/03\/monloo-chalet-01-1-1024x576.webp 1024w, https:\/\/www.lemonloo.com\/wp-content\/uploads\/2026\/03\/monloo-chalet-01-1-800x450.webp 800w, https:\/\/www.lemonloo.com\/wp-content\/uploads\/2026\/03\/monloo-chalet-01-1-640x360.webp 640w, https:\/\/www.lemonloo.com\/wp-content\/uploads\/2026\/03\/monloo-chalet-01-1-375x210.webp 375w, https:\/\/www.lemonloo.com\/wp-content\/uploads\/2026\/03\/monloo-chalet-01-1-200x112.webp 200w, https:\/\/www.lemonloo.com\/wp-content\/uploads\/2026\/03\/monloo-chalet-01-1-100x56.webp 100w\" sizes=\"(max-width: 1920px) 100vw, 1920px\" \/><span aria-hidden=\"true\" class=\"wp-block-cover__background has-background-dim wp-block-cover__gradient-background has-background-gradient\" style=\"background:linear-gradient(0deg,rgb(0,0,0) 0%,rgba(0,0,0,0) 100%)\"><\/span><div class=\"wp-block-cover__inner-container has-global-padding is-layout-constrained wp-container-core-cover-is-layout-76f8b422 wp-block-cover-is-layout-constrained\">\n<p class=\"has-text-align-right is-style-hrz-p--title has-secondary-color has-text-color has-link-color wp-elements-1a9f6e025c61a2bb2ad100e923bcb964\" style=\"padding-top:40vh\">All our<br\/><em>Chalets<\/em><\/p>\n<\/div><\/div>\n<\/div>\n<\/div>\n\n<div class=\"wp-block-group alignfull is-style-bg-branche-d no-padding is-layout-flow wp-block-group-is-layout-flow\" style=\"padding-top:5rem\">\n<div class=\"wp-block-group has-global-padding is-layout-constrained wp-container-core-group-is-layout-a15e7989 wp-block-group-is-layout-constrained\" style=\"margin-top:0;margin-bottom:0;padding-top:var(--wp--preset--spacing--huge);padding-right:var(--wp--preset--spacing--m);padding-bottom:var(--wp--preset--spacing--huge);padding-left:var(--wp--preset--spacing--m)\">\n<div class=\"wp-block-group elem elem4 is-layout-flow wp-block-group-is-layout-flow\">\n<figure class=\"wp-block-image size-full wp-duotone-bg-v-clair\"><img alt=\"\" decoding=\"async\" src=\"https:\/\/www.lemonloo.com\/wp-content\/uploads\/2026\/01\/FLEURS-1.svg\" alt=\"\" class=\"wp-image-241\"\/><\/figure>\n<\/div>\n\n\n\n<div class=\"wp-block-group is-vertical is-content-justification-center is-layout-flex wp-container-core-group-is-layout-b6c1f246 wp-block-group-is-layout-flex\">\n<h1 class=\"wp-block-heading has-text-align-center is-style-hrz-title--sub has-secondary-color has-text-color has-link-color wp-elements-f78dee6cd7c8645d5cf18e6aeb213d1b\" style=\"margin-bottom:var(--wp--preset--spacing--xs)\">Our chalet rentals in Bagn\u00e8res de Bigorre<\/h1>\n\n\n\n<h2 class=\"wp-block-heading has-text-align-center is-style-hrz-p--subtitlebis has-vert-bis-color has-text-color has-link-color wp-elements-934dbb29e215d1799594903e938dd941\" style=\"margin-top:var(--wp--preset--spacing--s);margin-bottom:var(--wp--preset--spacing--s)\">Your vacation in the mountains<\/h2>\n\n\n\n<p class=\"has-text-align-center is-style-hrz-p--base has-secondary-color has-text-color has-link-color wp-elements-dfaa48294cae4127b9a58e8bf4f563d3\">Come and enjoy the charms of the mountains from our campsite in Bagn\u00e8res de Bigorre during your next vacation in the Occitanie region! Come and recharge your batteries in a green setting and breathe in the pure air of the surrounding massifs. Our 4-star campsite in the Hautes-Pyr\u00e9n\u00e9es offers different types of accommodation for your mountain vacations. Discover our chalets and book now!   <\/p>\n<\/div>\n<\/div>\n\n\n\n<div class=\"wp-block-group is-p-mobile has-global-padding is-layout-constrained wp-container-core-group-is-layout-f3a5f8d0 wp-block-group-is-layout-constrained\" style=\"margin-top:0;margin-bottom:0;padding-top:var(--wp--preset--spacing--xxl);padding-bottom:var(--wp--preset--spacing--xxl)\">\n\t<div class=\"alignfull has-global-padding is-layout-constrained wp-container-hrz-blocks-query-camping-rest-is-layout-071fe3a8 wp-block-hrz-blocks-query-camping-rest-is-layout-constrained\">\n\t\t<ul class=\"hebergement-listing \">\n\t\t\t<style>:root { --query-color: #495932; }<\/style>\t\t\t\t<li class=\"swiper-slide\">\n\t\t\t\t\t<div class=\"wp-block-group card-gamme is-style-default is-style-relative\"\n\t\t\t\t\t\t data-booking-product=\"53931\" data-booking-etab=\"854\" data-capacity=\"4\"\t\t\t\t\t\t data-product-filters='[{\"code\":\"surface\",\"type\":\"number\",\"value\":35},{\"code\":\"separated-bedrooms\",\"type\":\"number\",\"value\":2},{\"code\":\"kitchens\",\"type\":\"number\",\"value\":1},{\"code\":\"bathrooms\",\"type\":\"number\",\"value\":1},{\"code\":\"toilets\",\"type\":\"number\",\"value\":1},{\"code\":\"air-conditioning\",\"type\":\"boolean\",\"value\":true},{\"code\":\"tv\",\"type\":\"boolean\",\"value\":true},{\"code\":\"terrace\",\"type\":\"boolean\",\"value\":true}]'>\n\t\t\t\t\t\t<div class=\"wp-block-group thumbnail-image\">\n\t\t\t\t\t\t\t<a href=\"https:\/\/www.lemonloo.com\/en\/hebergements\/chalet-privilege-2\/\" title=\"CHALET Privil\u00e8ge\">\n\t\t\t\t\t\t\t\t<figure class=\"wp-block-image alignfull size-large\" style=\"margin:0;\">\n\t\t\t\t\t\t\t\t\t<img decoding=\"async\" src=\"https:\/\/www.lemonloo.com\/wp-content\/uploads\/2026\/01\/00001093815.jpg\"\n\t\t\t\t\t\t\t\t\t\talt=\"CHALET Privil\u00e8ge\" \/>\n\t\t\t\t\t\t\t\t<\/figure>\n\t\t\t\t\t\t\t\t<div class=\"full\">\n\t\t\t\t\t\t\t\t\t<p class=\"text\">Available on other dates<\/p>\n\t\t\t\t\t\t\t\t<\/div>\n\t\t\t\t\t\t\t<\/a>\n\t\t\t\t\t\t<\/div>\n\n\n\t\t\t\t\t\t<div class=\"wp-block-group has-white-background-color has-background card-content\">\n\t\t\t\t\t\t\t<div class=\"wp-block-group content\">\n\t\t\t\t\t\t\t\t<h3 class=\"wp-block-heading has-secondary-color has-link-color has-secondary-color\">\n\t\t\t\t\t\t\t\t\tCHALET Privil\u00e8ge\t\t\t\t\t\t\t\t<\/h3>\n\n\t\t\t\t\t\t\t\t\t\t\t\t\t\t\t<\/div>\n\n\t\t\t\t\t\t\t<div class=\"wp-block-group card-price has-background\">\n\t\t\t\t\t\t\t\t<div class=\"loader\">\n\t\t\t\t\t\t\t\t\t<span class=\"dot\"><\/span>\n\t\t\t\t\t\t\t\t\t<span class=\"dot\"><\/span>\n\t\t\t\t\t\t\t\t\t<span class=\"dot\"><\/span>\n\t\t\t\t\t\t\t\t<\/div>\n\t\t\t\t\t\t\t\t<div class=\"booking_default\">\n\t\t\t\t\t\t\t\t\t<p class=\"has-text-align-right\">From<\/p>\n\n\t\t\t\t\t\t\t\t\t<p class=\"has-text-align-right booking_price has-secondary-font-family\"><\/p>\n\t\t\t\t\t\t\t\t\t<p class=\"has-text-align-right booking_no_discount has-secondary-font-family\"><\/p>\n\n\t\t\t\t\t\t\t\t\t<p class=\"has-text-align-right dates\">\n\t\t\t\t\t\t\t\t\t\tFrom <span class=\"start\"><\/span> to <span class=\"end\"><\/span>\t\t\t\t\t\t\t\t\t<\/p>\n\t\t\t\t\t\t\t\t<\/div>\n\t\t\t\t\t\t\t\t<div class=\"wp-block-group booking_alt\">\n\t\t\t\t\t\t\t\t\t<p class=\"booking_alt_text\">Available on other dates<\/p>\n\t\t\t\t\t\t\t\t\t<div class=\"booking_alt_content\">\n\t\t\t\t\t\t\t\t\t<\/div>\n\t\t\t\t\t\t\t\t<\/div>\n\t\t\t\t\t\t\t<\/div>\n\t\t\t\t\t\t<\/div>\n\n\t\t\t\t\t\t<div class=\"wp-block-buttons has-custom-font-size has-l-font-size\">\n\t\t\t\t\t\t\t<div\n\t\t\t\t\t\t\t\tclass=\"wp-block-button has-custom-width wp-block-button__width-100 has-custom-font-size booking-btn has-secondary-font-family\">\n\t\t\t\t\t\t\t\t<a href=\"https:\/\/www.lemonloo.com\/en\/hebergements\/chalet-privilege-2\/\"\n\t\t\t\t\t\t\t\t\tclass=\"wp-block-button__link has-white-color has-text-color has-background has-link-color has-text-align-center wp-element-button\">\n\t\t\t\t\t\t\t\t\tDiscover\t\t\t\t\t\t\t\t<\/a>\n\t\t\t\t\t\t\t<\/div>\n\t\t\t\t\t\t<\/div>\n\t\t\t\t\t\t<div class=\"booking_last\">\n\t\t\t\t\t\t\t<p class=\"booking_last_content\">\n\t\t\t\t\t\t\t\tMore than <span class=\"booking_last_value\"><\/span> <br>available\t\t\t\t\t\t\t<\/p>\n\t\t\t\t\t\t<\/div>\n\t\t\t\t\t\t<div class=\"booking_exclusive is-style-hover-image-effect\"><\/div>\n\t\t\t\t\t<\/div>\n\t\t\t\t<\/li>\n\n\t\t\t\t\t\t\t<li class=\"swiper-slide\">\n\t\t\t\t\t<div class=\"wp-block-group card-gamme is-style-default is-style-relative\"\n\t\t\t\t\t\t data-booking-product=\"53935\" data-booking-etab=\"854\" data-capacity=\"6\"\t\t\t\t\t\t data-product-filters='[{\"code\":\"surface\",\"type\":\"number\",\"value\":35},{\"code\":\"separated-bedrooms\",\"type\":\"number\",\"value\":3},{\"code\":\"kitchens\",\"type\":\"number\",\"value\":1},{\"code\":\"bathrooms\",\"type\":\"number\",\"value\":1},{\"code\":\"toilets\",\"type\":\"number\",\"value\":1},{\"code\":\"air-conditioning\",\"type\":\"boolean\",\"value\":true},{\"code\":\"tv\",\"type\":\"boolean\",\"value\":true},{\"code\":\"terrace\",\"type\":\"boolean\",\"value\":true}]'>\n\t\t\t\t\t\t<div class=\"wp-block-group thumbnail-image\">\n\t\t\t\t\t\t\t<a href=\"https:\/\/www.lemonloo.com\/en\/hebergements\/chalet-privilege\/\" title=\"CHALET Privil\u00e8ge\">\n\t\t\t\t\t\t\t\t<figure class=\"wp-block-image alignfull size-large\" style=\"margin:0;\">\n\t\t\t\t\t\t\t\t\t<img decoding=\"async\" src=\"https:\/\/www.lemonloo.com\/wp-content\/uploads\/2026\/01\/00001093813.jpg\"\n\t\t\t\t\t\t\t\t\t\talt=\"CHALET Privil\u00e8ge\" \/>\n\t\t\t\t\t\t\t\t<\/figure>\n\t\t\t\t\t\t\t\t<div class=\"full\">\n\t\t\t\t\t\t\t\t\t<p class=\"text\">Available on other dates<\/p>\n\t\t\t\t\t\t\t\t<\/div>\n\t\t\t\t\t\t\t<\/a>\n\t\t\t\t\t\t<\/div>\n\n\n\t\t\t\t\t\t<div class=\"wp-block-group has-white-background-color has-background card-content\">\n\t\t\t\t\t\t\t<div class=\"wp-block-group content\">\n\t\t\t\t\t\t\t\t<h3 class=\"wp-block-heading has-secondary-color has-link-color has-secondary-color\">\n\t\t\t\t\t\t\t\t\tCHALET Privil\u00e8ge\t\t\t\t\t\t\t\t<\/h3>\n\n\t\t\t\t\t\t\t\t\t\t\t\t\t\t\t<\/div>\n\n\t\t\t\t\t\t\t<div class=\"wp-block-group card-price has-background\">\n\t\t\t\t\t\t\t\t<div class=\"loader\">\n\t\t\t\t\t\t\t\t\t<span class=\"dot\"><\/span>\n\t\t\t\t\t\t\t\t\t<span class=\"dot\"><\/span>\n\t\t\t\t\t\t\t\t\t<span class=\"dot\"><\/span>\n\t\t\t\t\t\t\t\t<\/div>\n\t\t\t\t\t\t\t\t<div class=\"booking_default\">\n\t\t\t\t\t\t\t\t\t<p class=\"has-text-align-right\">From<\/p>\n\n\t\t\t\t\t\t\t\t\t<p class=\"has-text-align-right booking_price has-secondary-font-family\"><\/p>\n\t\t\t\t\t\t\t\t\t<p class=\"has-text-align-right booking_no_discount has-secondary-font-family\"><\/p>\n\n\t\t\t\t\t\t\t\t\t<p class=\"has-text-align-right dates\">\n\t\t\t\t\t\t\t\t\t\tFrom <span class=\"start\"><\/span> to <span class=\"end\"><\/span>\t\t\t\t\t\t\t\t\t<\/p>\n\t\t\t\t\t\t\t\t<\/div>\n\t\t\t\t\t\t\t\t<div class=\"wp-block-group booking_alt\">\n\t\t\t\t\t\t\t\t\t<p class=\"booking_alt_text\">Available on other dates<\/p>\n\t\t\t\t\t\t\t\t\t<div class=\"booking_alt_content\">\n\t\t\t\t\t\t\t\t\t<\/div>\n\t\t\t\t\t\t\t\t<\/div>\n\t\t\t\t\t\t\t<\/div>\n\t\t\t\t\t\t<\/div>\n\n\t\t\t\t\t\t<div class=\"wp-block-buttons has-custom-font-size has-l-font-size\">\n\t\t\t\t\t\t\t<div\n\t\t\t\t\t\t\t\tclass=\"wp-block-button has-custom-width wp-block-button__width-100 has-custom-font-size booking-btn has-secondary-font-family\">\n\t\t\t\t\t\t\t\t<a href=\"https:\/\/www.lemonloo.com\/en\/hebergements\/chalet-privilege\/\"\n\t\t\t\t\t\t\t\t\tclass=\"wp-block-button__link has-white-color has-text-color has-background has-link-color has-text-align-center wp-element-button\">\n\t\t\t\t\t\t\t\t\tDiscover\t\t\t\t\t\t\t\t<\/a>\n\t\t\t\t\t\t\t<\/div>\n\t\t\t\t\t\t<\/div>\n\t\t\t\t\t\t<div class=\"booking_last\">\n\t\t\t\t\t\t\t<p class=\"booking_last_content\">\n\t\t\t\t\t\t\t\tMore than <span class=\"booking_last_value\"><\/span> <br>available\t\t\t\t\t\t\t<\/p>\n\t\t\t\t\t\t<\/div>\n\t\t\t\t\t\t<div class=\"booking_exclusive is-style-hover-image-effect\"><\/div>\n\t\t\t\t\t<\/div>\n\t\t\t\t<\/li>\n\n\t\t\t\t\t\t\t<li class=\"swiper-slide\">\n\t\t\t\t\t<div class=\"wp-block-group card-gamme is-style-default is-style-relative\"\n\t\t\t\t\t\t data-booking-product=\"8803\" data-booking-etab=\"854\" data-capacity=\"6\"\t\t\t\t\t\t data-product-filters='[{\"code\":\"surface\",\"type\":\"number\",\"value\":35},{\"code\":\"pets-allowed\",\"type\":\"boolean\",\"value\":true},{\"code\":\"separated-bedrooms\",\"type\":\"number\",\"value\":2},{\"code\":\"non-bedroom-bedding\",\"type\":\"number\",\"value\":1},{\"code\":\"kitchens\",\"type\":\"number\",\"value\":1},{\"code\":\"bathrooms\",\"type\":\"number\",\"value\":1},{\"code\":\"toilets\",\"type\":\"number\",\"value\":1},{\"code\":\"air-conditioning\",\"type\":\"boolean\",\"value\":true},{\"code\":\"tv\",\"type\":\"boolean\",\"value\":true},{\"code\":\"terrace\",\"type\":\"boolean\",\"value\":true}]'>\n\t\t\t\t\t\t<div class=\"wp-block-group thumbnail-image\">\n\t\t\t\t\t\t\t<a href=\"https:\/\/www.lemonloo.com\/en\/hebergements\/chalet-origine-2-bedrooms-convertible\/\" title=\"CHALET Origine (2 bedrooms + convertible)\">\n\t\t\t\t\t\t\t\t<figure class=\"wp-block-image alignfull size-large\" style=\"margin:0;\">\n\t\t\t\t\t\t\t\t\t<img decoding=\"async\" src=\"https:\/\/www.lemonloo.com\/wp-content\/uploads\/2026\/01\/00001093816.jpg\"\n\t\t\t\t\t\t\t\t\t\talt=\"CHALET Origine (2 bedrooms + convertible)\" \/>\n\t\t\t\t\t\t\t\t<\/figure>\n\t\t\t\t\t\t\t\t<div class=\"full\">\n\t\t\t\t\t\t\t\t\t<p class=\"text\">Available on other dates<\/p>\n\t\t\t\t\t\t\t\t<\/div>\n\t\t\t\t\t\t\t<\/a>\n\t\t\t\t\t\t<\/div>\n\n\n\t\t\t\t\t\t<div class=\"wp-block-group has-white-background-color has-background card-content\">\n\t\t\t\t\t\t\t<div class=\"wp-block-group content\">\n\t\t\t\t\t\t\t\t<h3 class=\"wp-block-heading has-secondary-color has-link-color has-secondary-color\">\n\t\t\t\t\t\t\t\t\tCHALET Origine (2 bedrooms + convertible)\t\t\t\t\t\t\t\t<\/h3>\n\n\t\t\t\t\t\t\t\t\t\t\t\t\t\t\t<\/div>\n\n\t\t\t\t\t\t\t<div class=\"wp-block-group card-price has-background\">\n\t\t\t\t\t\t\t\t<div class=\"loader\">\n\t\t\t\t\t\t\t\t\t<span class=\"dot\"><\/span>\n\t\t\t\t\t\t\t\t\t<span class=\"dot\"><\/span>\n\t\t\t\t\t\t\t\t\t<span class=\"dot\"><\/span>\n\t\t\t\t\t\t\t\t<\/div>\n\t\t\t\t\t\t\t\t<div class=\"booking_default\">\n\t\t\t\t\t\t\t\t\t<p class=\"has-text-align-right\">From<\/p>\n\n\t\t\t\t\t\t\t\t\t<p class=\"has-text-align-right booking_price has-secondary-font-family\"><\/p>\n\t\t\t\t\t\t\t\t\t<p class=\"has-text-align-right booking_no_discount has-secondary-font-family\"><\/p>\n\n\t\t\t\t\t\t\t\t\t<p class=\"has-text-align-right dates\">\n\t\t\t\t\t\t\t\t\t\tFrom <span class=\"start\"><\/span> to <span class=\"end\"><\/span>\t\t\t\t\t\t\t\t\t<\/p>\n\t\t\t\t\t\t\t\t<\/div>\n\t\t\t\t\t\t\t\t<div class=\"wp-block-group booking_alt\">\n\t\t\t\t\t\t\t\t\t<p class=\"booking_alt_text\">Available on other dates<\/p>\n\t\t\t\t\t\t\t\t\t<div class=\"booking_alt_content\">\n\t\t\t\t\t\t\t\t\t<\/div>\n\t\t\t\t\t\t\t\t<\/div>\n\t\t\t\t\t\t\t<\/div>\n\t\t\t\t\t\t<\/div>\n\n\t\t\t\t\t\t<div class=\"wp-block-buttons has-custom-font-size has-l-font-size\">\n\t\t\t\t\t\t\t<div\n\t\t\t\t\t\t\t\tclass=\"wp-block-button has-custom-width wp-block-button__width-100 has-custom-font-size booking-btn has-secondary-font-family\">\n\t\t\t\t\t\t\t\t<a href=\"https:\/\/www.lemonloo.com\/en\/hebergements\/chalet-origine-2-bedrooms-convertible\/\"\n\t\t\t\t\t\t\t\t\tclass=\"wp-block-button__link has-white-color has-text-color has-background has-link-color has-text-align-center wp-element-button\">\n\t\t\t\t\t\t\t\t\tDiscover\t\t\t\t\t\t\t\t<\/a>\n\t\t\t\t\t\t\t<\/div>\n\t\t\t\t\t\t<\/div>\n\t\t\t\t\t\t<div class=\"booking_last\">\n\t\t\t\t\t\t\t<p class=\"booking_last_content\">\n\t\t\t\t\t\t\t\tMore than <span class=\"booking_last_value\"><\/span> <br>available\t\t\t\t\t\t\t<\/p>\n\t\t\t\t\t\t<\/div>\n\t\t\t\t\t\t<div class=\"booking_exclusive is-style-hover-image-effect\"><\/div>\n\t\t\t\t\t<\/div>\n\t\t\t\t<\/li>\n\n\t\t\t\t\t<\/ul>\n\n\t<\/div>\n\n<\/div>\n<\/div>\n\n<div class=\"wp-block-group alignfull lml-gamme-content-wrapper has-secondary-background-color has-background is-layout-flow wp-block-group-is-layout-flow\" style=\"padding-top:23rem;padding-bottom:0rem\">\n<div class=\"wp-block-group is-centered has-global-padding is-layout-constrained wp-container-core-group-is-layout-612de5cf wp-block-group-is-layout-constrained\" style=\"min-height:50vh;margin-bottom:var(--wp--preset--spacing--xl);padding-right:var(--wp--preset--spacing--m);padding-left:var(--wp--preset--spacing--m)\">\n<div class=\"wp-block-group is-centered is-vertical is-layout-flex wp-container-core-group-is-layout-fe9cc265 wp-block-group-is-layout-flex\">\n<div class=\"wp-block-group is-m-col is-nowrap is-layout-flex wp-container-core-group-is-layout-e43e2d1a wp-block-group-is-layout-flex\" style=\"margin-bottom:var(--wp--preset--spacing--xl)\">\n<p class=\"is-style-hrz-p--subtitle has-ternary-color has-text-color has-link-color wp-elements-b893cc804e9888aedd4907ee1e0cb811\">Our chalets :<\/p>\n\n\n\n<p class=\"is-style-hrz-p--subtitlebis is-underlined-turquoise has-turquoise-color has-text-color has-link-color has-l-font-size wp-elements-f67a1b8614c4b74f633f751cb95a1ca5\">your comfort<\/p>\n<\/div>\n\n\n\n<p class=\"is-style-hrz-p--title is-t-centered has-ternary-color has-text-color has-link-color wp-elements-e90e3bcc31bd649ecb0409a2c3042c24\">Recharge your batteries<br\/>in perfect surroundings<\/p>\n\n\n\n<div class=\"wp-block-group elem elem4b is-layout-flow wp-block-group-is-layout-flow\">\n<figure class=\"wp-block-image size-full elem wp-duotone-bg-brown\"><img alt=\"\" decoding=\"async\" src=\"https:\/\/www.lemonloo.com\/wp-content\/uploads\/2026\/01\/FLEURS-1.svg\" alt=\"\" class=\"wp-image-241\" style=\"object-fit:cover\"\/><\/figure>\n<\/div>\n<\/div>\n<\/div>\n\n\n\n<div class=\"wp-block-group has-global-padding is-layout-constrained wp-container-core-group-is-layout-0416ff56 wp-block-group-is-layout-constrained\" style=\"padding-right:var(--wp--preset--spacing--m);padding-left:var(--wp--preset--spacing--m)\">\n<div class=\"wp-block-columns is-layout-flex wp-container-core-columns-is-layout-28f84493 wp-block-columns-is-layout-flex\">\n<div class=\"wp-block-column is-layout-flow wp-block-column-is-layout-flow\">\n<h2 class=\"wp-block-heading has-text-align-left is-style-hrz-title--sub has-turquoise-color has-text-color has-link-color wp-elements-bb2342f2c62ba9aea7863beac6ec5c68\" style=\"margin-bottom:var(--wp--preset--spacing--s)\">Air-conditioned wooden chalets at Bagn\u00e8res de Bigorre campsite<\/h2>\n\n\n\n<p class=\"has-text-align-left is-style-hrz-p--subtitlebis has-ternary-color has-text-color has-link-color wp-elements-f3a28441e81d0480ef890451c0b6cc4e\" style=\"margin-bottom:var(--wp--preset--spacing--xl)\">our chalet rentals for a warm atmosphere<\/p>\n\n\n\n<p class=\"has-text-align-left is-style-hrz-p--base has-ternary-color has-text-color has-link-color wp-elements-446036adc61ed55d4c92bac5e7c7f75a\">What an atmosphere our chalets provide! With a terrace overlooking the mountains, and in some cases the lagoon, our Privil\u00e8ge chalets have a surface area of 35 m\u00b2. Available in a range of models, with 2 or 3 bedrooms on the ground floor or on the mezzanine, side-by-side or bunk beds, with or without a sofa bed, they are all air-conditioned and feature a fully-equipped kitchen, bathroom, separate WC and a covered terrace ideal for outdoor meals, with a large table, deckchairs and barbecue.  <\/p>\n<\/div>\n\n\n\n<div class=\"wp-block-column is-vertically-aligned-center col-img is-layout-flow wp-block-column-is-layout-flow\">\n<div class=\"wp-block-group is-content-justification-center is-nowrap is-layout-flex wp-container-core-group-is-layout-db2157da wp-block-group-is-layout-flex\">\n<figure class=\"wp-block-image size-full wp-container-content-100d69fb wp-duotone-bg-t-clair\"><img alt=\"\" decoding=\"async\" src=\"https:\/\/www.lemonloo.com\/wp-content\/uploads\/2026\/01\/tente2.svg\" alt=\"\" class=\"wp-image-233\" style=\"object-fit:cover\"\/><\/figure>\n\n\n\n<figure class=\"wp-block-image size-full wp-container-content-b04ba3db wp-duotone-bg-t-clair\"><img alt=\"\" decoding=\"async\" src=\"https:\/\/www.lemonloo.com\/wp-content\/uploads\/2026\/01\/MH.svg\" alt=\"\" class=\"wp-image-245\" style=\"object-fit:cover\"\/><\/figure>\n<\/div>\n<\/div>\n<\/div>\n<\/div>\n<\/div>\n\n<div class=\"wp-block-group alignfull lml-gamme-content-wrapper has-secondary-background-color has-background is-layout-flow wp-container-core-group-is-layout-716f6593 wp-block-group-is-layout-flow\" style=\"padding-top:23rem;padding-bottom:10rem\">\n<div class=\"wp-block-group has-global-padding is-layout-constrained wp-container-core-group-is-layout-0416ff56 wp-block-group-is-layout-constrained\" style=\"padding-right:var(--wp--preset--spacing--m);padding-left:var(--wp--preset--spacing--m)\">\n<div class=\"wp-block-columns is-layout-flex wp-container-core-columns-is-layout-bd3e6d7c wp-block-columns-is-layout-flex\">\n<div class=\"wp-block-column is-layout-flow wp-container-core-column-is-layout-168482ca wp-block-column-is-layout-flow\">\n<h2 class=\"wp-block-heading has-text-align-left is-style-hrz-title--sub has-turquoise-color has-text-color has-link-color wp-elements-fcd8dfb54738900bbf22b6f35f7db931\" style=\"margin-bottom:var(--wp--preset--spacing--s)\">Your chalet rental in Bagn\u00e8res-de-Bigorre<\/h2>\n\n\n\n<p class=\"has-text-align-left is-style-hrz-p--base has-ternary-color has-text-color has-link-color wp-elements-63bc4b5844ac4be0c36ba620f4d2b5a4\">Our campsite has chalets for 4 to 6 people. So, depending on your needs, you can stay with your family, as a couple or with friends. <\/p>\n\n\n\n<p class=\"has-text-align-left is-style-hrz-p--base has-ternary-color has-text-color has-link-color wp-elements-81ce6370e10315dded00ee3fd9272c91\">What&#8217;s more, our spacious 35 m\u00b2 accommodations have 2 or 3 bedrooms, depending on the size you choose. You&#8217;ll find all the comforts you need for a successful vacation, thanks to our high-quality bedding and fully-equipped kitchens. <\/p>\n\n\n\n<p class=\"has-text-align-left is-style-hrz-p--base has-ternary-color has-text-color has-link-color wp-elements-f3c9d53a2d25d1fb4e35bf2af34fa385\">Each of our chalets has its own private, covered, landscaped terrace, and the lagoon-side chalets feature large curtains for cosy evenings. Take advantage of the barbecue and deckchairs available to spend pleasant moments relaxing and socializing in the mountains! Perfect if you decide to come for a spa treatment, our campsite is close to the thermal baths of Bagn\u00e8res de Bigorre in the Hautes-Pyr\u00e9n\u00e9es.  <\/p>\n<\/div>\n\n\n\n<div class=\"wp-block-column is-vertically-aligned-center col-img is-layout-flow wp-block-column-is-layout-flow\">\n<div class=\"wp-block-group anim-speed-m elem5b has-global-padding is-layout-constrained wp-block-group-is-layout-constrained\">\n<figure class=\"wp-block-image size-full is-resized has-custom-border is-style-hrz-img--four\"><img alt=\"\" decoding=\"async\" width=\"1022\" height=\"680\" src=\"https:\/\/www.lemonloo.com\/wp-content\/uploads\/2026\/01\/00000501586.jpg\" alt=\"\" class=\"wp-image-463\" style=\"border-top-left-radius:2000px;border-top-right-radius:2000px;border-bottom-left-radius:2000px;border-bottom-right-radius:2000px;object-fit:cover;width:550px;height:550px\" srcset=\"https:\/\/www.lemonloo.com\/wp-content\/uploads\/2026\/01\/00000501586.jpg 1022w, https:\/\/www.lemonloo.com\/wp-content\/uploads\/2026\/01\/00000501586-300x200.jpg 300w, https:\/\/www.lemonloo.com\/wp-content\/uploads\/2026\/01\/00000501586-768x511.jpg 768w, https:\/\/www.lemonloo.com\/wp-content\/uploads\/2026\/01\/00000501586-720x480.jpg 720w, https:\/\/www.lemonloo.com\/wp-content\/uploads\/2026\/01\/00000501586-480x320.jpg 480w, https:\/\/www.lemonloo.com\/wp-content\/uploads\/2026\/01\/00000501586-240x160.jpg 240w, https:\/\/www.lemonloo.com\/wp-content\/uploads\/2026\/01\/00000501586-120x80.jpg 120w\" sizes=\"(max-width: 1022px) 100vw, 1022px\" \/><\/figure>\n<\/div>\n<\/div>\n<\/div>\n<\/div>\n<\/div>\n","protected":false},"excerpt":{"rendered":"<p>Our chalet rentals in Bagn\u00e8res de Bigorre Your vacation in the mountains Come and enjoy the charms of the mountains from our campsite in Bagn\u00e8res de Bigorre during your next vacation in the Occitanie region! Come and recharge your batteries in a green setting and breathe in the pure air of the surrounding massifs. Our [&hellip;]<\/p>\n","protected":false},"author":1,"featured_media":0,"parent":0,"menu_order":7,"comment_status":"closed","ping_status":"closed","template":"page-no-title","meta":{"_acf_changed":false,"_seopress_robots_primary_cat":"","_seopress_titles_title":"Chalets for rent in Bagneres de Bigorre | Le Monl\u00f4o 4* | Camping 65","_seopress_titles_desc":"Discover our comfortable chalets in Bagn\u00e8res de Bigorre! The 4-star Monl\u00f4o campsite welcomes you to the Hautes-Pyr\u00e9n\u00e9es ","_seopress_robots_index":"","footnotes":""},"class_list":["post-967","page","type-page","status-publish","hentry"],"acf":[],"_links":{"self":[{"href":"https:\/\/www.lemonloo.com\/en\/wp-json\/wp\/v2\/pages\/967","targetHints":{"allow":["GET"]}}],"collection":[{"href":"https:\/\/www.lemonloo.com\/en\/wp-json\/wp\/v2\/pages"}],"about":[{"href":"https:\/\/www.lemonloo.com\/en\/wp-json\/wp\/v2\/types\/page"}],"author":[{"embeddable":true,"href":"https:\/\/www.lemonloo.com\/en\/wp-json\/wp\/v2\/users\/1"}],"replies":[{"embeddable":true,"href":"https:\/\/www.lemonloo.com\/en\/wp-json\/wp\/v2\/comments?post=967"}],"version-history":[{"count":2,"href":"https:\/\/www.lemonloo.com\/en\/wp-json\/wp\/v2\/pages\/967\/revisions"}],"predecessor-version":[{"id":977,"href":"https:\/\/www.lemonloo.com\/en\/wp-json\/wp\/v2\/pages\/967\/revisions\/977"}],"wp:attachment":[{"href":"https:\/\/www.lemonloo.com\/en\/wp-json\/wp\/v2\/media?parent=967"}],"curies":[{"name":"wp","href":"https:\/\/api.w.org\/{rel}","templated":true}]}}