{"id":1040,"date":"2026-01-14T10:44:42","date_gmt":"2026-01-14T10:44:42","guid":{"rendered":"https:\/\/www.lemonloo.com\/zona-acuatica\/"},"modified":"2026-03-11T09:11:57","modified_gmt":"2026-03-11T09:11:57","slug":"zona-acuatica","status":"publish","type":"page","link":"https:\/\/www.lemonloo.com\/es\/zona-acuatica\/","title":{"rendered":"Zona acu\u00e1tica"},"content":{"rendered":"\n<div class=\"wp-block-group alignfull lml-slider-wrapper has-quaternary-background-color has-background is-layout-flow wp-block-group-is-layout-flow\">\n<div class=\"wp-block-group lml-mask is-layout-flow wp-block-group-is-layout-flow\" style=\"padding-right:0;padding-left:0\">\n<div class=\"wp-block-cover has-custom-content-position is-position-bottom-center lml-slide swiper-slide\" style=\"padding-top:0\"><img alt=\"\" decoding=\"async\" width=\"1920\" height=\"1277\" class=\"wp-block-cover__image-background wp-image-244 size-full\" alt=\"\" src=\"https:\/\/www.lemonloo.com\/wp-content\/uploads\/2026\/01\/10082016-DSC_7613_1st-edit.webp\" data-object-fit=\"cover\" srcset=\"https:\/\/www.lemonloo.com\/wp-content\/uploads\/2026\/01\/10082016-DSC_7613_1st-edit.webp 1920w, https:\/\/www.lemonloo.com\/wp-content\/uploads\/2026\/01\/10082016-DSC_7613_1st-edit-300x200.webp 300w, https:\/\/www.lemonloo.com\/wp-content\/uploads\/2026\/01\/10082016-DSC_7613_1st-edit-1024x681.webp 1024w, https:\/\/www.lemonloo.com\/wp-content\/uploads\/2026\/01\/10082016-DSC_7613_1st-edit-768x511.webp 768w, https:\/\/www.lemonloo.com\/wp-content\/uploads\/2026\/01\/10082016-DSC_7613_1st-edit-720x480.webp 720w, https:\/\/www.lemonloo.com\/wp-content\/uploads\/2026\/01\/10082016-DSC_7613_1st-edit-480x320.webp 480w, https:\/\/www.lemonloo.com\/wp-content\/uploads\/2026\/01\/10082016-DSC_7613_1st-edit-240x160.webp 240w, https:\/\/www.lemonloo.com\/wp-content\/uploads\/2026\/01\/10082016-DSC_7613_1st-edit-120x80.webp 120w\" sizes=\"(max-width: 1920px) 100vw, 1920px\" \/><span aria-hidden=\"true\" class=\"wp-block-cover__background has-background-dim wp-block-cover__gradient-background has-background-gradient\" style=\"background:linear-gradient(0deg,rgb(0,0,0) 0%,rgba(0,0,0,0) 100%)\"><\/span><div class=\"wp-block-cover__inner-container has-global-padding is-layout-constrained wp-container-core-cover-is-layout-76f8b422 wp-block-cover-is-layout-constrained\">\n<p class=\"has-text-align-right is-style-hrz-p--title has-secondary-color has-text-color has-link-color wp-elements-e62060d7b7963c3fb2a0233686bf1ce3\" style=\"padding-top:40vh\">Descubre nuestra<em>zona acu\u00e1tica<\/em><br\/><em><\/em><\/p>\n<\/div><\/div>\n<\/div>\n<\/div>\n\n<div class=\"wp-block-group alignfull is-style-bg-branche-d no-padding is-layout-flow wp-block-group-is-layout-flow\" style=\"padding-top:5rem\">\n<div class=\"wp-block-group has-global-padding is-layout-constrained wp-container-core-group-is-layout-a15e7989 wp-block-group-is-layout-constrained\" style=\"margin-top:0;margin-bottom:0;padding-top:var(--wp--preset--spacing--huge);padding-right:var(--wp--preset--spacing--m);padding-bottom:var(--wp--preset--spacing--huge);padding-left:var(--wp--preset--spacing--m)\">\n<div class=\"wp-block-group elem elem4 is-layout-flow wp-block-group-is-layout-flow\">\n<figure class=\"wp-block-image size-full wp-duotone-bg-v-clair\"><img alt=\"\" decoding=\"async\" src=\"https:\/\/www.lemonloo.com\/wp-content\/uploads\/2026\/01\/FLEURS-1.svg\" alt=\"\" class=\"wp-image-241\"\/><\/figure>\n<\/div>\n\n\n\n<div class=\"wp-block-group is-vertical is-content-justification-center is-layout-flex wp-container-core-group-is-layout-b6c1f246 wp-block-group-is-layout-flex\">\n<h1 class=\"wp-block-heading has-text-align-center is-style-hrz-title--sub has-secondary-color has-text-color has-link-color wp-elements-99aa4f1b6db49f28ed7f08c97692b585\" style=\"margin-bottom:var(--wp--preset--spacing--xs)\">Camping en Altos Pirineos con piscina<\/h1>\n\n\n\n<p class=\"has-text-align-center is-style-hrz-p--subtitlebis has-vert-bis-color has-text-color has-link-color wp-elements-6c56aab01d2d6cc3e7633161406008a0\" style=\"margin-bottom:var(--wp--preset--spacing--xl)\">Piscina y laguna natural<\/p>\n\n\n\n<p class=\"has-text-align-center is-style-hrz-p--base has-secondary-color has-text-color has-link-color wp-elements-74a6b65c1105f39746f244335f45f5f3\">\u00a1Bienvenido al camping de los Altos Pirineos, en el coraz\u00f3n del Suroeste! Nuestro camping de 4 estrellas Monl\u00f4o, en Bagn\u00e8res-de-Bigorre, es un aut\u00e9ntico para\u00edso para los amantes de la monta\u00f1a y la naturaleza. En el coraz\u00f3n de este entorno excepcional, nuestro camping ofrece dos espacios acu\u00e1ticos para unas vacaciones inolvidables en familia o con amigos: una piscina cubierta climatizada de abril a octubre inclusive, y una laguna natural abierta de mediados de junio a mediados de septiembre.  <\/p>\n<\/div>\n<\/div>\n\n\n\n<div class=\"wp-block-group lml-content-base has-global-padding is-layout-constrained wp-container-core-group-is-layout-0f10bfcc wp-block-group-is-layout-constrained\" style=\"padding-top:10rem;padding-bottom:10rem\">\n<div class=\"wp-block-columns is-content-hidden is-layout-flex wp-container-core-columns-is-layout-48f035cc wp-block-columns-is-layout-flex\">\n<div class=\"wp-block-column col-left is-layout-flow wp-block-column-is-layout-flow\">\n<div class=\"wp-block-group anim-speed-m elem5b has-global-padding is-layout-constrained wp-block-group-is-layout-constrained\">\n<figure class=\"wp-block-image size-large is-resized has-custom-border is-style-hrz-img--three\"><img alt=\"\" decoding=\"async\" width=\"1024\" height=\"681\" src=\"https:\/\/www.lemonloo.com\/wp-content\/uploads\/2026\/03\/10082016-dsc_7670_1st-edit-1024x681.webp\" alt=\"\" class=\"wp-image-841\" style=\"border-top-left-radius:2000px;border-top-right-radius:2000px;border-bottom-left-radius:2000px;border-bottom-right-radius:2000px;object-fit:cover;width:650px;height:650px\" srcset=\"https:\/\/www.lemonloo.com\/wp-content\/uploads\/2026\/03\/10082016-dsc_7670_1st-edit-1024x681.webp 1024w, https:\/\/www.lemonloo.com\/wp-content\/uploads\/2026\/03\/10082016-dsc_7670_1st-edit-300x200.webp 300w, https:\/\/www.lemonloo.com\/wp-content\/uploads\/2026\/03\/10082016-dsc_7670_1st-edit-768x511.webp 768w, https:\/\/www.lemonloo.com\/wp-content\/uploads\/2026\/03\/10082016-dsc_7670_1st-edit-720x480.webp 720w, https:\/\/www.lemonloo.com\/wp-content\/uploads\/2026\/03\/10082016-dsc_7670_1st-edit-480x320.webp 480w, https:\/\/www.lemonloo.com\/wp-content\/uploads\/2026\/03\/10082016-dsc_7670_1st-edit-240x160.webp 240w, https:\/\/www.lemonloo.com\/wp-content\/uploads\/2026\/03\/10082016-dsc_7670_1st-edit-120x80.webp 120w, https:\/\/www.lemonloo.com\/wp-content\/uploads\/2026\/03\/10082016-dsc_7670_1st-edit.webp 1920w\" sizes=\"(max-width: 1024px) 100vw, 1024px\" \/><\/figure>\n<\/div>\n<\/div>\n\n\n\n<div class=\"wp-block-column col-right is-z1 is-layout-flow wp-container-core-column-is-layout-311d78d5 wp-block-column-is-layout-flow\" style=\"padding-right:var(--wp--preset--spacing--xs)\">\n<h2 class=\"wp-block-heading has-text-align-right is-style-hrz-title--sub has-secondary-color has-text-color has-link-color wp-elements-5f25d67fef2829b874feebb4e983885f\" style=\"margin-bottom:var(--wp--preset--spacing--xs)\">Dos zonas de ba\u00f1o al pie del Col du Tourmalet<\/h2>\n\n\n\n<p class=\"has-text-align-right is-style-hrz-p--subtitlebis has-quaternary-color has-text-color has-link-color wp-elements-e8aad1764c5622b4f2861bb6a0af2f47\" style=\"margin-bottom:var(--wp--preset--spacing--xl)\">2 zonas de ba\u00f1o excepcionales<\/p>\n\n\n\n<p class=\"has-text-align-right is-style-hrz-p--base has-quaternary-color has-text-color has-link-color wp-elements-364b80ac984d4165e19975e20fd6702a\">En el camping 4* Monl\u00f4o de Bagn\u00e8res de Bigorre, al pie del puerto del Tourmalet, te ofrecemos la posibilidad de refrescarte y divertirte en dos excepcionales zonas de ba\u00f1o. Nuestra piscina cubierta climatizada, abierta de abril a octubre inclusive, es un remanso de relajaci\u00f3n donde podr\u00e1s tomar el sol en un agua agradablemente calentada, haga el tiempo que haga. A las familias con ni\u00f1os les encantar\u00e1n los dos toboganes, que ofrecen momentos inolvidables de deslizamiento y diversi\u00f3n. Los m\u00e1s peque\u00f1os tambi\u00e9n pueden chapotear con seguridad en la piscina adaptada a sus necesidades, bajo la supervisi\u00f3n de sus padres.   <\/p>\n\n\n\n<p class=\"has-text-align-right is-style-hrz-p--base has-quaternary-color has-text-color has-link-color wp-elements-7b8f67c9778203a643374df0993e2360\">Si buscas una experiencia m\u00e1s aut\u00e9ntica y cercana a la naturaleza, nuestra laguna natural te espera desde mediados de junio hasta mediados de septiembre. Este para\u00edso sin productos qu\u00edmicos te transporta a un mundo de relajaci\u00f3n y asombro. Imag\u00ednate tumbado en una playa de arena, rodeado de monta\u00f1as al pie del Col du Tourmalet y frente al Pic du Midi, o nadando en aguas naturales cristalinas. Es un verdadero privilegio poder disfrutar de un entorno tan virgen en el coraz\u00f3n de los Pirineos.   <\/p>\n<\/div>\n<\/div>\n<\/div>\n\n\n\n<div class=\"wp-block-group lml-content-base has-global-padding is-layout-constrained wp-container-core-group-is-layout-0f10bfcc wp-block-group-is-layout-constrained\" style=\"padding-top:10rem;padding-bottom:10rem\">\n<div class=\"wp-block-columns is-content-hidden is-layout-flex wp-container-core-columns-is-layout-bd3e6d7c wp-block-columns-is-layout-flex\">\n<div class=\"wp-block-column col-right is-z1 is-layout-flow wp-container-core-column-is-layout-311d78d5 wp-block-column-is-layout-flow\" style=\"padding-right:var(--wp--preset--spacing--xs)\">\n<h2 class=\"wp-block-heading has-text-align-right is-style-hrz-title--sub has-secondary-color has-text-color has-link-color wp-elements-0e2b2091434fb534bdb75d1aecfe8658\" style=\"margin-bottom:var(--wp--preset--spacing--xs)\">La playa natural del camping frente al Pic du Midi<\/h2>\n\n\n\n<p class=\"has-text-align-right is-style-hrz-p--subtitlebis has-quaternary-color has-text-color has-link-color wp-elements-84d1838470351ff6df5d877ef34678fa\" style=\"margin-bottom:var(--wp--preset--spacing--xl)\">Una experiencia refrescante<\/p>\n\n\n\n<p class=\"has-text-align-right is-style-hrz-p--base has-quaternary-color has-text-color has-link-color wp-elements-6c53270388b9abcd0aa8024515a7cbf0\">Situada al pie del Col du Tourmalet y frente al majestuoso Pic du Midi, la playa natural del Lagon es un verdadero tesoro en el coraz\u00f3n de nuestro camping de 4 estrellas en los Altos Pirineos. Abierta de mediados de junio a mediados de septiembre, esta zona te ofrece una experiencia de ba\u00f1o \u00fanica, sin productos qu\u00edmicos y en total armon\u00eda con la naturaleza que la rodea. <\/p>\n\n\n\n<p class=\"has-text-align-right is-style-hrz-p--base has-quaternary-color has-text-color has-link-color wp-elements-9a63b2d20fdbb5df8b548ce84304da27\">Aprovecha la playa para tomar el sol o simplemente admirar el espectacular paisaje de las monta\u00f1as pirenaicas. Los m\u00e1s aventureros pueden darse un chapuz\u00f3n en las aguas cristalinas de la laguna, una experiencia refrescante y vigorizante, perfecta tras una tarde explorando los alrededores en uno de los muchos paseos que se ofrecen. <\/p>\n\n\n\n<p class=\"has-text-align-right is-style-hrz-p--base has-quaternary-color has-text-color has-link-color wp-elements-8ba3a222f768862e0260340030636638\">Esta zona acu\u00e1tica tambi\u00e9n te ofrece un momento privilegiado de relajaci\u00f3n gracias a las tumbonas disponibles para descansar al sol o a la sombra de las grandes sombrillas, saboreando una bebida fresca y disfrutando de un esquimal, proporcionado por nuestra caba\u00f1a de paja.<\/p>\n<\/div>\n\n\n\n<div class=\"wp-block-column is-vertically-aligned-center col-left is-layout-flow wp-block-column-is-layout-flow\">\n<div class=\"wp-block-group anim-speed-m elem5b has-global-padding is-layout-constrained wp-block-group-is-layout-constrained\">\n<figure class=\"wp-block-image size-large is-resized has-custom-border is-style-hrz-img--one\"><img alt=\"\" decoding=\"async\" width=\"1024\" height=\"560\" src=\"https:\/\/www.lemonloo.com\/wp-content\/uploads\/2026\/03\/monloo-lagoon-02-1-1024x560.webp\" alt=\"\" class=\"wp-image-839\" style=\"border-top-left-radius:2000px;border-top-right-radius:2000px;border-bottom-left-radius:2000px;border-bottom-right-radius:2000px;object-fit:cover;width:550px;height:550px\" srcset=\"https:\/\/www.lemonloo.com\/wp-content\/uploads\/2026\/03\/monloo-lagoon-02-1-1024x560.webp 1024w, https:\/\/www.lemonloo.com\/wp-content\/uploads\/2026\/03\/monloo-lagoon-02-1-300x164.webp 300w, https:\/\/www.lemonloo.com\/wp-content\/uploads\/2026\/03\/monloo-lagoon-02-1-768x420.webp 768w, https:\/\/www.lemonloo.com\/wp-content\/uploads\/2026\/03\/monloo-lagoon-02-1-100x56.webp 100w, https:\/\/www.lemonloo.com\/wp-content\/uploads\/2026\/03\/monloo-lagoon-02-1.webp 1920w\" sizes=\"(max-width: 1024px) 100vw, 1024px\" \/><\/figure>\n<\/div>\n<\/div>\n<\/div>\n<\/div>\n<\/div>\n\n<div class=\"wp-block-group alignfull lml-diaporama has-secondary-background-color has-background is-layout-flow wp-block-group-is-layout-flow\" style=\"padding-top:var(--wp--preset--spacing--xl);padding-bottom:var(--wp--preset--spacing--xl)\">\n<div class=\"wp-block-group diaporama-wrapper is-layout-flow wp-container-core-group-is-layout-5508ead3 wp-block-group-is-layout-flow\" style=\"padding-top:var(--wp--preset--spacing--xl);padding-bottom:var(--wp--preset--spacing--xl)\">\n<div class=\"wp-block-group diapo-row dr1 is-nowrap is-layout-flex wp-container-core-group-is-layout-31608b3b wp-block-group-is-layout-flex\">\n<div class=\"wp-block-group is-layout-flow wp-block-group-is-layout-flow\">\n<figure class=\"wp-block-image size-large has-custom-border\"><a href=\"https:\/\/www.lemonloo.com\/wp-content\/uploads\/2026\/03\/monloo-lagoon-04-1.webp\" rel=\"piscine\"><img alt=\"\" decoding=\"async\" width=\"1024\" height=\"858\" src=\"https:\/\/www.lemonloo.com\/wp-content\/uploads\/2026\/03\/monloo-lagoon-04-1-1024x858.webp\" alt=\"\" class=\"wp-image-822\" style=\"border-top-left-radius:16px;border-top-right-radius:16px;border-bottom-left-radius:16px;border-bottom-right-radius:16px;aspect-ratio:3\/2;object-fit:cover\" srcset=\"https:\/\/www.lemonloo.com\/wp-content\/uploads\/2026\/03\/monloo-lagoon-04-1-1024x858.webp 1024w, https:\/\/www.lemonloo.com\/wp-content\/uploads\/2026\/03\/monloo-lagoon-04-1-300x251.webp 300w, https:\/\/www.lemonloo.com\/wp-content\/uploads\/2026\/03\/monloo-lagoon-04-1-768x643.webp 768w, https:\/\/www.lemonloo.com\/wp-content\/uploads\/2026\/03\/monloo-lagoon-04-1.webp 1920w\" sizes=\"(max-width: 1024px) 100vw, 1024px\" \/><\/a><\/figure>\n<\/div>\n\n\n\n<div class=\"wp-block-group is-layout-flow wp-block-group-is-layout-flow\">\n<figure class=\"wp-block-image size-large has-custom-border\"><a href=\"https:\/\/www.lemonloo.com\/wp-content\/uploads\/2026\/01\/10082016-DSC_7613_1st-edit.webp\" rel=\"piscine\"><img alt=\"\" decoding=\"async\" width=\"1024\" height=\"681\" src=\"https:\/\/www.lemonloo.com\/wp-content\/uploads\/2026\/01\/10082016-DSC_7613_1st-edit-1024x681.webp\" alt=\"\" class=\"wp-image-244\" style=\"border-top-left-radius:16px;border-top-right-radius:16px;border-bottom-left-radius:16px;border-bottom-right-radius:16px;aspect-ratio:3\/2;object-fit:cover\" srcset=\"https:\/\/www.lemonloo.com\/wp-content\/uploads\/2026\/01\/10082016-DSC_7613_1st-edit-1024x681.webp 1024w, https:\/\/www.lemonloo.com\/wp-content\/uploads\/2026\/01\/10082016-DSC_7613_1st-edit-300x200.webp 300w, https:\/\/www.lemonloo.com\/wp-content\/uploads\/2026\/01\/10082016-DSC_7613_1st-edit-768x511.webp 768w, https:\/\/www.lemonloo.com\/wp-content\/uploads\/2026\/01\/10082016-DSC_7613_1st-edit-720x480.webp 720w, https:\/\/www.lemonloo.com\/wp-content\/uploads\/2026\/01\/10082016-DSC_7613_1st-edit-480x320.webp 480w, https:\/\/www.lemonloo.com\/wp-content\/uploads\/2026\/01\/10082016-DSC_7613_1st-edit-240x160.webp 240w, https:\/\/www.lemonloo.com\/wp-content\/uploads\/2026\/01\/10082016-DSC_7613_1st-edit-120x80.webp 120w, https:\/\/www.lemonloo.com\/wp-content\/uploads\/2026\/01\/10082016-DSC_7613_1st-edit.webp 1920w\" sizes=\"(max-width: 1024px) 100vw, 1024px\" \/><\/a><\/figure>\n<\/div>\n\n\n\n<div class=\"wp-block-group is-layout-flow wp-block-group-is-layout-flow\">\n<figure class=\"wp-block-image size-large has-custom-border\"><a href=\"https:\/\/www.lemonloo.com\/wp-content\/uploads\/2026\/03\/monloo-lagoon-02-1.webp\" rel=\"piscine\"><img alt=\"\" decoding=\"async\" width=\"1024\" height=\"560\" src=\"https:\/\/www.lemonloo.com\/wp-content\/uploads\/2026\/03\/monloo-lagoon-02-1-1024x560.webp\" alt=\"\" class=\"wp-image-839\" style=\"border-top-left-radius:16px;border-top-right-radius:16px;border-bottom-left-radius:16px;border-bottom-right-radius:16px;aspect-ratio:3\/2;object-fit:cover\" srcset=\"https:\/\/www.lemonloo.com\/wp-content\/uploads\/2026\/03\/monloo-lagoon-02-1-1024x560.webp 1024w, https:\/\/www.lemonloo.com\/wp-content\/uploads\/2026\/03\/monloo-lagoon-02-1-300x164.webp 300w, https:\/\/www.lemonloo.com\/wp-content\/uploads\/2026\/03\/monloo-lagoon-02-1-768x420.webp 768w, https:\/\/www.lemonloo.com\/wp-content\/uploads\/2026\/03\/monloo-lagoon-02-1-100x56.webp 100w, https:\/\/www.lemonloo.com\/wp-content\/uploads\/2026\/03\/monloo-lagoon-02-1.webp 1920w\" sizes=\"(max-width: 1024px) 100vw, 1024px\" \/><\/a><\/figure>\n<\/div>\n\n\n\n<div class=\"wp-block-group is-layout-flow wp-block-group-is-layout-flow\">\n<figure class=\"wp-block-image size-large has-custom-border\"><a href=\"https:\/\/www.lemonloo.com\/wp-content\/uploads\/2026\/03\/crtloccitanie_0036704_md.webp\" rel=\"piscine\"><img alt=\"\" decoding=\"async\" width=\"1024\" height=\"683\" src=\"https:\/\/www.lemonloo.com\/wp-content\/uploads\/2026\/03\/crtloccitanie_0036704_md-1024x683.webp\" alt=\"\" class=\"wp-image-827\" style=\"border-top-left-radius:16px;border-top-right-radius:16px;border-bottom-left-radius:16px;border-bottom-right-radius:16px;aspect-ratio:3\/2;object-fit:cover\" srcset=\"https:\/\/www.lemonloo.com\/wp-content\/uploads\/2026\/03\/crtloccitanie_0036704_md-1024x683.webp 1024w, https:\/\/www.lemonloo.com\/wp-content\/uploads\/2026\/03\/crtloccitanie_0036704_md-300x200.webp 300w, https:\/\/www.lemonloo.com\/wp-content\/uploads\/2026\/03\/crtloccitanie_0036704_md-768x512.webp 768w, https:\/\/www.lemonloo.com\/wp-content\/uploads\/2026\/03\/crtloccitanie_0036704_md-1440x960.webp 1440w, https:\/\/www.lemonloo.com\/wp-content\/uploads\/2026\/03\/crtloccitanie_0036704_md-1080x720.webp 1080w, https:\/\/www.lemonloo.com\/wp-content\/uploads\/2026\/03\/crtloccitanie_0036704_md-720x480.webp 720w, https:\/\/www.lemonloo.com\/wp-content\/uploads\/2026\/03\/crtloccitanie_0036704_md-480x320.webp 480w, https:\/\/www.lemonloo.com\/wp-content\/uploads\/2026\/03\/crtloccitanie_0036704_md-240x160.webp 240w, https:\/\/www.lemonloo.com\/wp-content\/uploads\/2026\/03\/crtloccitanie_0036704_md-120x80.webp 120w, https:\/\/www.lemonloo.com\/wp-content\/uploads\/2026\/03\/crtloccitanie_0036704_md.webp 1920w\" sizes=\"(max-width: 1024px) 100vw, 1024px\" \/><\/a><\/figure>\n<\/div>\n<\/div>\n\n\n\n<div class=\"wp-block-group diapo-row dr2 is-nowrap is-layout-flex wp-container-core-group-is-layout-31608b3b wp-block-group-is-layout-flex\">\n<div class=\"wp-block-group is-layout-flow wp-block-group-is-layout-flow\">\n<figure class=\"wp-block-image size-large has-custom-border\"><a href=\"https:\/\/www.lemonloo.com\/wp-content\/uploads\/2026\/01\/10082016-DSC_7681.webp\" rel=\"piscine\"><img alt=\"\" decoding=\"async\" width=\"1024\" height=\"681\" src=\"https:\/\/www.lemonloo.com\/wp-content\/uploads\/2026\/01\/10082016-DSC_7681-1024x681.webp\" alt=\"\" class=\"wp-image-242\" style=\"border-top-left-radius:16px;border-top-right-radius:16px;border-bottom-left-radius:16px;border-bottom-right-radius:16px;aspect-ratio:3\/2;object-fit:cover\" srcset=\"https:\/\/www.lemonloo.com\/wp-content\/uploads\/2026\/01\/10082016-DSC_7681-1024x681.webp 1024w, https:\/\/www.lemonloo.com\/wp-content\/uploads\/2026\/01\/10082016-DSC_7681-300x200.webp 300w, https:\/\/www.lemonloo.com\/wp-content\/uploads\/2026\/01\/10082016-DSC_7681-768x511.webp 768w, https:\/\/www.lemonloo.com\/wp-content\/uploads\/2026\/01\/10082016-DSC_7681-720x480.webp 720w, https:\/\/www.lemonloo.com\/wp-content\/uploads\/2026\/01\/10082016-DSC_7681-480x320.webp 480w, https:\/\/www.lemonloo.com\/wp-content\/uploads\/2026\/01\/10082016-DSC_7681-240x160.webp 240w, https:\/\/www.lemonloo.com\/wp-content\/uploads\/2026\/01\/10082016-DSC_7681-120x80.webp 120w, https:\/\/www.lemonloo.com\/wp-content\/uploads\/2026\/01\/10082016-DSC_7681.webp 1920w\" sizes=\"(max-width: 1024px) 100vw, 1024px\" \/><\/a><\/figure>\n<\/div>\n\n\n\n<div class=\"wp-block-group is-layout-flow wp-block-group-is-layout-flow\">\n<figure class=\"wp-block-image size-large has-custom-border\"><a href=\"https:\/\/www.lemonloo.com\/wp-content\/uploads\/2026\/03\/10082016-dsc_7670_1st-edit.webp\" rel=\"piscine\"><img alt=\"\" decoding=\"async\" width=\"1024\" height=\"681\" src=\"https:\/\/www.lemonloo.com\/wp-content\/uploads\/2026\/03\/10082016-dsc_7670_1st-edit-1024x681.webp\" alt=\"\" class=\"wp-image-841\" style=\"border-top-left-radius:16px;border-top-right-radius:16px;border-bottom-left-radius:16px;border-bottom-right-radius:16px;aspect-ratio:3\/2;object-fit:cover\" srcset=\"https:\/\/www.lemonloo.com\/wp-content\/uploads\/2026\/03\/10082016-dsc_7670_1st-edit-1024x681.webp 1024w, https:\/\/www.lemonloo.com\/wp-content\/uploads\/2026\/03\/10082016-dsc_7670_1st-edit-300x200.webp 300w, https:\/\/www.lemonloo.com\/wp-content\/uploads\/2026\/03\/10082016-dsc_7670_1st-edit-768x511.webp 768w, https:\/\/www.lemonloo.com\/wp-content\/uploads\/2026\/03\/10082016-dsc_7670_1st-edit-720x480.webp 720w, https:\/\/www.lemonloo.com\/wp-content\/uploads\/2026\/03\/10082016-dsc_7670_1st-edit-480x320.webp 480w, https:\/\/www.lemonloo.com\/wp-content\/uploads\/2026\/03\/10082016-dsc_7670_1st-edit-240x160.webp 240w, https:\/\/www.lemonloo.com\/wp-content\/uploads\/2026\/03\/10082016-dsc_7670_1st-edit-120x80.webp 120w, https:\/\/www.lemonloo.com\/wp-content\/uploads\/2026\/03\/10082016-dsc_7670_1st-edit.webp 1920w\" sizes=\"(max-width: 1024px) 100vw, 1024px\" \/><\/a><\/figure>\n<\/div>\n\n\n\n<div class=\"wp-block-group is-layout-flow wp-block-group-is-layout-flow\">\n<figure class=\"wp-block-image size-large has-custom-border\"><a href=\"https:\/\/www.lemonloo.com\/wp-content\/uploads\/2026\/03\/toboggans.webp\" rel=\"piscine\"><img alt=\"\" decoding=\"async\" width=\"1024\" height=\"681\" src=\"https:\/\/www.lemonloo.com\/wp-content\/uploads\/2026\/03\/toboggans-1024x681.webp\" alt=\"\" class=\"wp-image-842\" style=\"border-top-left-radius:16px;border-top-right-radius:16px;border-bottom-left-radius:16px;border-bottom-right-radius:16px;aspect-ratio:3\/2;object-fit:cover\" srcset=\"https:\/\/www.lemonloo.com\/wp-content\/uploads\/2026\/03\/toboggans-1024x681.webp 1024w, https:\/\/www.lemonloo.com\/wp-content\/uploads\/2026\/03\/toboggans-300x200.webp 300w, https:\/\/www.lemonloo.com\/wp-content\/uploads\/2026\/03\/toboggans-768x511.webp 768w, https:\/\/www.lemonloo.com\/wp-content\/uploads\/2026\/03\/toboggans-720x480.webp 720w, https:\/\/www.lemonloo.com\/wp-content\/uploads\/2026\/03\/toboggans-480x320.webp 480w, https:\/\/www.lemonloo.com\/wp-content\/uploads\/2026\/03\/toboggans-240x160.webp 240w, https:\/\/www.lemonloo.com\/wp-content\/uploads\/2026\/03\/toboggans-120x80.webp 120w, https:\/\/www.lemonloo.com\/wp-content\/uploads\/2026\/03\/toboggans.webp 1920w\" sizes=\"(max-width: 1024px) 100vw, 1024px\" \/><\/a><\/figure>\n<\/div>\n\n\n\n<div class=\"wp-block-group is-layout-flow wp-block-group-is-layout-flow\">\n<figure class=\"wp-block-image size-large has-custom-border\"><a href=\"https:\/\/www.lemonloo.com\/wp-content\/uploads\/2026\/03\/11082016-dsc_8187_1st-edit.webp\" rel=\"piscine\"><img alt=\"\" decoding=\"async\" width=\"1024\" height=\"681\" src=\"https:\/\/www.lemonloo.com\/wp-content\/uploads\/2026\/03\/11082016-dsc_8187_1st-edit-1024x681.webp\" alt=\"\" class=\"wp-image-843\" style=\"border-top-left-radius:16px;border-top-right-radius:16px;border-bottom-left-radius:16px;border-bottom-right-radius:16px;aspect-ratio:3\/2;object-fit:cover\" srcset=\"https:\/\/www.lemonloo.com\/wp-content\/uploads\/2026\/03\/11082016-dsc_8187_1st-edit-1024x681.webp 1024w, https:\/\/www.lemonloo.com\/wp-content\/uploads\/2026\/03\/11082016-dsc_8187_1st-edit-300x200.webp 300w, https:\/\/www.lemonloo.com\/wp-content\/uploads\/2026\/03\/11082016-dsc_8187_1st-edit-768x511.webp 768w, https:\/\/www.lemonloo.com\/wp-content\/uploads\/2026\/03\/11082016-dsc_8187_1st-edit-720x480.webp 720w, https:\/\/www.lemonloo.com\/wp-content\/uploads\/2026\/03\/11082016-dsc_8187_1st-edit-480x320.webp 480w, https:\/\/www.lemonloo.com\/wp-content\/uploads\/2026\/03\/11082016-dsc_8187_1st-edit-240x160.webp 240w, https:\/\/www.lemonloo.com\/wp-content\/uploads\/2026\/03\/11082016-dsc_8187_1st-edit-120x80.webp 120w, https:\/\/www.lemonloo.com\/wp-content\/uploads\/2026\/03\/11082016-dsc_8187_1st-edit.webp 1920w\" sizes=\"(max-width: 1024px) 100vw, 1024px\" \/><\/a><\/figure>\n<\/div>\n<\/div>\n<\/div>\n<\/div>\n","protected":false},"excerpt":{"rendered":"<p>Camping en Altos Pirineos con piscina Piscina y laguna natural \u00a1Bienvenido al camping de los Altos Pirineos, en el coraz\u00f3n del Suroeste! Nuestro camping de 4 estrellas Monl\u00f4o, en Bagn\u00e8res-de-Bigorre, es un aut\u00e9ntico para\u00edso para los amantes de la monta\u00f1a y la naturaleza. En el coraz\u00f3n de este entorno excepcional, nuestro camping ofrece dos espacios [&hellip;]<\/p>\n","protected":false},"author":1,"featured_media":0,"parent":0,"menu_order":38,"comment_status":"closed","ping_status":"closed","template":"page-no-title","meta":{"_acf_changed":false,"_seopress_robots_primary_cat":"","_seopress_titles_title":"Camping Hautes-Pyr\u00e9n\u00e9es con piscina | Le Monl\u00f4o 4* | Camping 65","_seopress_titles_desc":"Descubre las instalaciones de ba\u00f1o del camping de Bagn\u00e8res de Bigorre; puedes elegir entre una laguna natural y una piscina cubierta climatizada.","_seopress_robots_index":"","footnotes":""},"class_list":["post-1040","page","type-page","status-publish","hentry"],"acf":[],"_links":{"self":[{"href":"https:\/\/www.lemonloo.com\/es\/wp-json\/wp\/v2\/pages\/1040","targetHints":{"allow":["GET"]}}],"collection":[{"href":"https:\/\/www.lemonloo.com\/es\/wp-json\/wp\/v2\/pages"}],"about":[{"href":"https:\/\/www.lemonloo.com\/es\/wp-json\/wp\/v2\/types\/page"}],"author":[{"embeddable":true,"href":"https:\/\/www.lemonloo.com\/es\/wp-json\/wp\/v2\/users\/1"}],"replies":[{"embeddable":true,"href":"https:\/\/www.lemonloo.com\/es\/wp-json\/wp\/v2\/comments?post=1040"}],"version-history":[{"count":1,"href":"https:\/\/www.lemonloo.com\/es\/wp-json\/wp\/v2\/pages\/1040\/revisions"}],"predecessor-version":[{"id":1041,"href":"https:\/\/www.lemonloo.com\/es\/wp-json\/wp\/v2\/pages\/1040\/revisions\/1041"}],"wp:attachment":[{"href":"https:\/\/www.lemonloo.com\/es\/wp-json\/wp\/v2\/media?parent=1040"}],"curies":[{"name":"wp","href":"https:\/\/api.w.org\/{rel}","templated":true}]}}