{"id":963,"date":"2026-01-29T14:07:18","date_gmt":"2026-01-29T14:07:18","guid":{"rendered":"https:\/\/www.lemonloo.com\/chales\/"},"modified":"2026-03-11T08:32:00","modified_gmt":"2026-03-11T08:32:00","slug":"chales","status":"publish","type":"page","link":"https:\/\/www.lemonloo.com\/es\/chales\/","title":{"rendered":"Chal\u00e9s"},"content":{"rendered":"\n<div class=\"wp-block-group alignfull lml-slider-wrapper has-quaternary-background-color has-background is-layout-flow wp-block-group-is-layout-flow\">\n<div class=\"wp-block-group lml-mask is-layout-flow wp-block-group-is-layout-flow\" style=\"padding-right:0;padding-left:0\">\n<div class=\"wp-block-cover has-custom-content-position is-position-bottom-center lml-slide swiper-slide\" style=\"padding-top:0\"><img alt=\"\" decoding=\"async\" width=\"1920\" height=\"1080\" class=\"wp-block-cover__image-background wp-image-818 size-16\/9_1920x1080_desktop\" alt=\"\" src=\"https:\/\/www.lemonloo.com\/wp-content\/uploads\/2026\/03\/monloo-chalet-01-1-1920x1080.webp\" data-object-fit=\"cover\" srcset=\"https:\/\/www.lemonloo.com\/wp-content\/uploads\/2026\/03\/monloo-chalet-01-1-1920x1080.webp 1920w, https:\/\/www.lemonloo.com\/wp-content\/uploads\/2026\/03\/monloo-chalet-01-1-1440x810.webp 1440w, https:\/\/www.lemonloo.com\/wp-content\/uploads\/2026\/03\/monloo-chalet-01-1-1366x768.webp 1366w, https:\/\/www.lemonloo.com\/wp-content\/uploads\/2026\/03\/monloo-chalet-01-1-1024x576.webp 1024w, https:\/\/www.lemonloo.com\/wp-content\/uploads\/2026\/03\/monloo-chalet-01-1-800x450.webp 800w, https:\/\/www.lemonloo.com\/wp-content\/uploads\/2026\/03\/monloo-chalet-01-1-640x360.webp 640w, https:\/\/www.lemonloo.com\/wp-content\/uploads\/2026\/03\/monloo-chalet-01-1-375x210.webp 375w, https:\/\/www.lemonloo.com\/wp-content\/uploads\/2026\/03\/monloo-chalet-01-1-200x112.webp 200w, https:\/\/www.lemonloo.com\/wp-content\/uploads\/2026\/03\/monloo-chalet-01-1-100x56.webp 100w\" sizes=\"(max-width: 1920px) 100vw, 1920px\" \/><span aria-hidden=\"true\" class=\"wp-block-cover__background has-background-dim wp-block-cover__gradient-background has-background-gradient\" style=\"background:linear-gradient(0deg,rgb(0,0,0) 0%,rgba(0,0,0,0) 100%)\"><\/span><div class=\"wp-block-cover__inner-container has-global-padding is-layout-constrained wp-container-core-cover-is-layout-76f8b422 wp-block-cover-is-layout-constrained\">\n<p class=\"has-text-align-right is-style-hrz-p--title has-secondary-color has-text-color has-link-color wp-elements-331b648848ae40ae7fd00c342d36dd76\" style=\"padding-top:40vh\">Todos nuestros<em>Chalets<\/em><br\/><em><\/em><\/p>\n<\/div><\/div>\n<\/div>\n<\/div>\n\n<div class=\"wp-block-group alignfull is-style-bg-branche-d no-padding is-layout-flow wp-block-group-is-layout-flow\" style=\"padding-top:5rem\">\n<div class=\"wp-block-group has-global-padding is-layout-constrained wp-container-core-group-is-layout-a15e7989 wp-block-group-is-layout-constrained\" style=\"margin-top:0;margin-bottom:0;padding-top:var(--wp--preset--spacing--huge);padding-right:var(--wp--preset--spacing--m);padding-bottom:var(--wp--preset--spacing--huge);padding-left:var(--wp--preset--spacing--m)\">\n<div class=\"wp-block-group elem elem4 is-layout-flow wp-block-group-is-layout-flow\">\n<figure class=\"wp-block-image size-full wp-duotone-bg-v-clair\"><img alt=\"\" decoding=\"async\" src=\"https:\/\/www.lemonloo.com\/wp-content\/uploads\/2026\/01\/FLEURS-1.svg\" alt=\"\" class=\"wp-image-241\"\/><\/figure>\n<\/div>\n\n\n\n<div class=\"wp-block-group is-vertical is-content-justification-center is-layout-flex wp-container-core-group-is-layout-b6c1f246 wp-block-group-is-layout-flex\">\n<h1 class=\"wp-block-heading has-text-align-center is-style-hrz-title--sub has-secondary-color has-text-color has-link-color wp-elements-8d87c86bc2cbbe999b0c78702a545275\" style=\"margin-bottom:var(--wp--preset--spacing--xs)\">Nuestros alquileres de chal\u00e9s en Bagn\u00e8res de Bigorre<\/h1>\n\n\n\n<h2 class=\"wp-block-heading has-text-align-center is-style-hrz-p--subtitlebis has-vert-bis-color has-text-color has-link-color wp-elements-b420b1855510cdaa74d56becda7f10ff\" style=\"margin-top:var(--wp--preset--spacing--s);margin-bottom:var(--wp--preset--spacing--s)\">Tus vacaciones en la monta\u00f1a<\/h2>\n\n\n\n<p class=\"has-text-align-center is-style-hrz-p--base has-secondary-color has-text-color has-link-color wp-elements-6e654946d4962d16e8614b6465b58c44\">Durante tus pr\u00f3ximas vacaciones en la regi\u00f3n de Occitanie, \u00a1ven a disfrutar de los encantos de la monta\u00f1a desde nuestro camping de Bagn\u00e8res de Bigorre! Ven a recargar las pilas en un entorno verde y respira el aire puro de las monta\u00f1as circundantes. Nuestro camping de 4 estrellas en los Altos Pirineos te ofrece diferentes tipos de alojamiento para tus vacaciones en la monta\u00f1a. \u00a1Descubre nuestros chal\u00e9s y reserva ya!   <\/p>\n<\/div>\n<\/div>\n\n\n\n<div class=\"wp-block-group is-p-mobile has-global-padding is-layout-constrained wp-container-core-group-is-layout-f3a5f8d0 wp-block-group-is-layout-constrained\" style=\"margin-top:0;margin-bottom:0;padding-top:var(--wp--preset--spacing--xxl);padding-bottom:var(--wp--preset--spacing--xxl)\">\n\t<div class=\"alignfull has-global-padding is-layout-constrained wp-container-hrz-blocks-query-camping-rest-is-layout-071fe3a8 wp-block-hrz-blocks-query-camping-rest-is-layout-constrained\">\n\t\t<ul class=\"hebergement-listing \">\n\t\t\t<style>:root { --query-color: #495932; }<\/style>\t\t\t\t<li class=\"swiper-slide\">\n\t\t\t\t\t<div class=\"wp-block-group card-gamme is-style-default is-style-relative\"\n\t\t\t\t\t\t data-booking-product=\"53931\" data-booking-etab=\"854\" data-capacity=\"4\"\t\t\t\t\t\t data-product-filters='[{\"code\":\"surface\",\"type\":\"number\",\"value\":35},{\"code\":\"separated-bedrooms\",\"type\":\"number\",\"value\":2},{\"code\":\"kitchens\",\"type\":\"number\",\"value\":1},{\"code\":\"bathrooms\",\"type\":\"number\",\"value\":1},{\"code\":\"toilets\",\"type\":\"number\",\"value\":1},{\"code\":\"air-conditioning\",\"type\":\"boolean\",\"value\":true},{\"code\":\"tv\",\"type\":\"boolean\",\"value\":true},{\"code\":\"terrace\",\"type\":\"boolean\",\"value\":true}]'>\n\t\t\t\t\t\t<div class=\"wp-block-group thumbnail-image\">\n\t\t\t\t\t\t\t<a href=\"https:\/\/www.lemonloo.com\/es\/hebergements\/chalet-privilege-2\/\" title=\"CHALET Privil\u00e8ge\">\n\t\t\t\t\t\t\t\t<figure class=\"wp-block-image alignfull size-large\" style=\"margin:0;\">\n\t\t\t\t\t\t\t\t\t<img decoding=\"async\" src=\"https:\/\/www.lemonloo.com\/wp-content\/uploads\/2026\/01\/00001093815.jpg\"\n\t\t\t\t\t\t\t\t\t\talt=\"CHALET Privil\u00e8ge\" \/>\n\t\t\t\t\t\t\t\t<\/figure>\n\t\t\t\t\t\t\t\t<div class=\"full\">\n\t\t\t\t\t\t\t\t\t<p class=\"text\">Disponible en otras fechas<\/p>\n\t\t\t\t\t\t\t\t<\/div>\n\t\t\t\t\t\t\t<\/a>\n\t\t\t\t\t\t<\/div>\n\n\n\t\t\t\t\t\t<div class=\"wp-block-group has-white-background-color has-background card-content\">\n\t\t\t\t\t\t\t<div class=\"wp-block-group content\">\n\t\t\t\t\t\t\t\t<h3 class=\"wp-block-heading has-secondary-color has-link-color has-secondary-color\">\n\t\t\t\t\t\t\t\t\tCHALET Privil\u00e8ge\t\t\t\t\t\t\t\t<\/h3>\n\n\t\t\t\t\t\t\t\t\t\t\t\t\t\t\t<\/div>\n\n\t\t\t\t\t\t\t<div class=\"wp-block-group card-price has-background\">\n\t\t\t\t\t\t\t\t<div class=\"loader\">\n\t\t\t\t\t\t\t\t\t<span class=\"dot\"><\/span>\n\t\t\t\t\t\t\t\t\t<span class=\"dot\"><\/span>\n\t\t\t\t\t\t\t\t\t<span class=\"dot\"><\/span>\n\t\t\t\t\t\t\t\t<\/div>\n\t\t\t\t\t\t\t\t<div class=\"booking_default\">\n\t\t\t\t\t\t\t\t\t<p class=\"has-text-align-right\">A partir de<\/p>\n\n\t\t\t\t\t\t\t\t\t<p class=\"has-text-align-right booking_price has-secondary-font-family\"><\/p>\n\t\t\t\t\t\t\t\t\t<p class=\"has-text-align-right booking_no_discount has-secondary-font-family\"><\/p>\n\n\t\t\t\t\t\t\t\t\t<p class=\"has-text-align-right dates\">\n\t\t\t\t\t\t\t\t\t\tDel <span class=\"start\"><\/span> al <span class=\"end\"><\/span>\t\t\t\t\t\t\t\t\t<\/p>\n\t\t\t\t\t\t\t\t<\/div>\n\t\t\t\t\t\t\t\t<div class=\"wp-block-group booking_alt\">\n\t\t\t\t\t\t\t\t\t<p class=\"booking_alt_text\">Disponible en otras fechas<\/p>\n\t\t\t\t\t\t\t\t\t<div class=\"booking_alt_content\">\n\t\t\t\t\t\t\t\t\t<\/div>\n\t\t\t\t\t\t\t\t<\/div>\n\t\t\t\t\t\t\t<\/div>\n\t\t\t\t\t\t<\/div>\n\n\t\t\t\t\t\t<div class=\"wp-block-buttons has-custom-font-size has-l-font-size\">\n\t\t\t\t\t\t\t<div\n\t\t\t\t\t\t\t\tclass=\"wp-block-button has-custom-width wp-block-button__width-100 has-custom-font-size booking-btn has-secondary-font-family\">\n\t\t\t\t\t\t\t\t<a href=\"https:\/\/www.lemonloo.com\/es\/hebergements\/chalet-privilege-2\/\"\n\t\t\t\t\t\t\t\t\tclass=\"wp-block-button__link has-white-color has-text-color has-background has-link-color has-text-align-center wp-element-button\">\n\t\t\t\t\t\t\t\t\tDescubrir\t\t\t\t\t\t\t\t<\/a>\n\t\t\t\t\t\t\t<\/div>\n\t\t\t\t\t\t<\/div>\n\t\t\t\t\t\t<div class=\"booking_last\">\n\t\t\t\t\t\t\t<p class=\"booking_last_content\">\n\t\t\t\t\t\t\t\tM\u00e1s de <span class=\"booking_last_value\"><\/span> <br> disponibles\t\t\t\t\t\t\t<\/p>\n\t\t\t\t\t\t<\/div>\n\t\t\t\t\t\t<div class=\"booking_exclusive is-style-hover-image-effect\"><\/div>\n\t\t\t\t\t<\/div>\n\t\t\t\t<\/li>\n\n\t\t\t\t\t\t\t<li class=\"swiper-slide\">\n\t\t\t\t\t<div class=\"wp-block-group card-gamme is-style-default is-style-relative\"\n\t\t\t\t\t\t data-booking-product=\"53935\" data-booking-etab=\"854\" data-capacity=\"6\"\t\t\t\t\t\t data-product-filters='[{\"code\":\"surface\",\"type\":\"number\",\"value\":35},{\"code\":\"separated-bedrooms\",\"type\":\"number\",\"value\":3},{\"code\":\"kitchens\",\"type\":\"number\",\"value\":1},{\"code\":\"bathrooms\",\"type\":\"number\",\"value\":1},{\"code\":\"toilets\",\"type\":\"number\",\"value\":1},{\"code\":\"air-conditioning\",\"type\":\"boolean\",\"value\":true},{\"code\":\"tv\",\"type\":\"boolean\",\"value\":true},{\"code\":\"terrace\",\"type\":\"boolean\",\"value\":true}]'>\n\t\t\t\t\t\t<div class=\"wp-block-group thumbnail-image\">\n\t\t\t\t\t\t\t<a href=\"https:\/\/www.lemonloo.com\/es\/hebergements\/chalet-privilege\/\" title=\"CHALET Privil\u00e8ge\">\n\t\t\t\t\t\t\t\t<figure class=\"wp-block-image alignfull size-large\" style=\"margin:0;\">\n\t\t\t\t\t\t\t\t\t<img decoding=\"async\" src=\"https:\/\/www.lemonloo.com\/wp-content\/uploads\/2026\/01\/00001093813.jpg\"\n\t\t\t\t\t\t\t\t\t\talt=\"CHALET Privil\u00e8ge\" \/>\n\t\t\t\t\t\t\t\t<\/figure>\n\t\t\t\t\t\t\t\t<div class=\"full\">\n\t\t\t\t\t\t\t\t\t<p class=\"text\">Disponible en otras fechas<\/p>\n\t\t\t\t\t\t\t\t<\/div>\n\t\t\t\t\t\t\t<\/a>\n\t\t\t\t\t\t<\/div>\n\n\n\t\t\t\t\t\t<div class=\"wp-block-group has-white-background-color has-background card-content\">\n\t\t\t\t\t\t\t<div class=\"wp-block-group content\">\n\t\t\t\t\t\t\t\t<h3 class=\"wp-block-heading has-secondary-color has-link-color has-secondary-color\">\n\t\t\t\t\t\t\t\t\tCHALET Privil\u00e8ge\t\t\t\t\t\t\t\t<\/h3>\n\n\t\t\t\t\t\t\t\t\t\t\t\t\t\t\t<\/div>\n\n\t\t\t\t\t\t\t<div class=\"wp-block-group card-price has-background\">\n\t\t\t\t\t\t\t\t<div class=\"loader\">\n\t\t\t\t\t\t\t\t\t<span class=\"dot\"><\/span>\n\t\t\t\t\t\t\t\t\t<span class=\"dot\"><\/span>\n\t\t\t\t\t\t\t\t\t<span class=\"dot\"><\/span>\n\t\t\t\t\t\t\t\t<\/div>\n\t\t\t\t\t\t\t\t<div class=\"booking_default\">\n\t\t\t\t\t\t\t\t\t<p class=\"has-text-align-right\">A partir de<\/p>\n\n\t\t\t\t\t\t\t\t\t<p class=\"has-text-align-right booking_price has-secondary-font-family\"><\/p>\n\t\t\t\t\t\t\t\t\t<p class=\"has-text-align-right booking_no_discount has-secondary-font-family\"><\/p>\n\n\t\t\t\t\t\t\t\t\t<p class=\"has-text-align-right dates\">\n\t\t\t\t\t\t\t\t\t\tDel <span class=\"start\"><\/span> al <span class=\"end\"><\/span>\t\t\t\t\t\t\t\t\t<\/p>\n\t\t\t\t\t\t\t\t<\/div>\n\t\t\t\t\t\t\t\t<div class=\"wp-block-group booking_alt\">\n\t\t\t\t\t\t\t\t\t<p class=\"booking_alt_text\">Disponible en otras fechas<\/p>\n\t\t\t\t\t\t\t\t\t<div class=\"booking_alt_content\">\n\t\t\t\t\t\t\t\t\t<\/div>\n\t\t\t\t\t\t\t\t<\/div>\n\t\t\t\t\t\t\t<\/div>\n\t\t\t\t\t\t<\/div>\n\n\t\t\t\t\t\t<div class=\"wp-block-buttons has-custom-font-size has-l-font-size\">\n\t\t\t\t\t\t\t<div\n\t\t\t\t\t\t\t\tclass=\"wp-block-button has-custom-width wp-block-button__width-100 has-custom-font-size booking-btn has-secondary-font-family\">\n\t\t\t\t\t\t\t\t<a href=\"https:\/\/www.lemonloo.com\/es\/hebergements\/chalet-privilege\/\"\n\t\t\t\t\t\t\t\t\tclass=\"wp-block-button__link has-white-color has-text-color has-background has-link-color has-text-align-center wp-element-button\">\n\t\t\t\t\t\t\t\t\tDescubrir\t\t\t\t\t\t\t\t<\/a>\n\t\t\t\t\t\t\t<\/div>\n\t\t\t\t\t\t<\/div>\n\t\t\t\t\t\t<div class=\"booking_last\">\n\t\t\t\t\t\t\t<p class=\"booking_last_content\">\n\t\t\t\t\t\t\t\tM\u00e1s de <span class=\"booking_last_value\"><\/span> <br> disponibles\t\t\t\t\t\t\t<\/p>\n\t\t\t\t\t\t<\/div>\n\t\t\t\t\t\t<div class=\"booking_exclusive is-style-hover-image-effect\"><\/div>\n\t\t\t\t\t<\/div>\n\t\t\t\t<\/li>\n\n\t\t\t\t\t\t\t<li class=\"swiper-slide\">\n\t\t\t\t\t<div class=\"wp-block-group card-gamme is-style-default is-style-relative\"\n\t\t\t\t\t\t data-booking-product=\"8803\" data-booking-etab=\"854\" data-capacity=\"6\"\t\t\t\t\t\t data-product-filters='[{\"code\":\"surface\",\"type\":\"number\",\"value\":35},{\"code\":\"pets-allowed\",\"type\":\"boolean\",\"value\":true},{\"code\":\"separated-bedrooms\",\"type\":\"number\",\"value\":2},{\"code\":\"non-bedroom-bedding\",\"type\":\"number\",\"value\":1},{\"code\":\"kitchens\",\"type\":\"number\",\"value\":1},{\"code\":\"bathrooms\",\"type\":\"number\",\"value\":1},{\"code\":\"toilets\",\"type\":\"number\",\"value\":1},{\"code\":\"air-conditioning\",\"type\":\"boolean\",\"value\":true},{\"code\":\"tv\",\"type\":\"boolean\",\"value\":true},{\"code\":\"terrace\",\"type\":\"boolean\",\"value\":true}]'>\n\t\t\t\t\t\t<div class=\"wp-block-group thumbnail-image\">\n\t\t\t\t\t\t\t<a href=\"https:\/\/www.lemonloo.com\/es\/hebergements\/chalet-origine-2-habitaciones-sofa-cama\/\" title=\"CHALET Origine (2 habitaciones + sof\u00e1 cama)\">\n\t\t\t\t\t\t\t\t<figure class=\"wp-block-image alignfull size-large\" style=\"margin:0;\">\n\t\t\t\t\t\t\t\t\t<img decoding=\"async\" src=\"https:\/\/www.lemonloo.com\/wp-content\/uploads\/2026\/01\/00001093816.jpg\"\n\t\t\t\t\t\t\t\t\t\talt=\"CHALET Origine (2 habitaciones + sof\u00e1 cama)\" \/>\n\t\t\t\t\t\t\t\t<\/figure>\n\t\t\t\t\t\t\t\t<div class=\"full\">\n\t\t\t\t\t\t\t\t\t<p class=\"text\">Disponible en otras fechas<\/p>\n\t\t\t\t\t\t\t\t<\/div>\n\t\t\t\t\t\t\t<\/a>\n\t\t\t\t\t\t<\/div>\n\n\n\t\t\t\t\t\t<div class=\"wp-block-group has-white-background-color has-background card-content\">\n\t\t\t\t\t\t\t<div class=\"wp-block-group content\">\n\t\t\t\t\t\t\t\t<h3 class=\"wp-block-heading has-secondary-color has-link-color has-secondary-color\">\n\t\t\t\t\t\t\t\t\tCHALET Origine (2 habitaciones + sof\u00e1 cama)\t\t\t\t\t\t\t\t<\/h3>\n\n\t\t\t\t\t\t\t\t\t\t\t\t\t\t\t<\/div>\n\n\t\t\t\t\t\t\t<div class=\"wp-block-group card-price has-background\">\n\t\t\t\t\t\t\t\t<div class=\"loader\">\n\t\t\t\t\t\t\t\t\t<span class=\"dot\"><\/span>\n\t\t\t\t\t\t\t\t\t<span class=\"dot\"><\/span>\n\t\t\t\t\t\t\t\t\t<span class=\"dot\"><\/span>\n\t\t\t\t\t\t\t\t<\/div>\n\t\t\t\t\t\t\t\t<div class=\"booking_default\">\n\t\t\t\t\t\t\t\t\t<p class=\"has-text-align-right\">A partir de<\/p>\n\n\t\t\t\t\t\t\t\t\t<p class=\"has-text-align-right booking_price has-secondary-font-family\"><\/p>\n\t\t\t\t\t\t\t\t\t<p class=\"has-text-align-right booking_no_discount has-secondary-font-family\"><\/p>\n\n\t\t\t\t\t\t\t\t\t<p class=\"has-text-align-right dates\">\n\t\t\t\t\t\t\t\t\t\tDel <span class=\"start\"><\/span> al <span class=\"end\"><\/span>\t\t\t\t\t\t\t\t\t<\/p>\n\t\t\t\t\t\t\t\t<\/div>\n\t\t\t\t\t\t\t\t<div class=\"wp-block-group booking_alt\">\n\t\t\t\t\t\t\t\t\t<p class=\"booking_alt_text\">Disponible en otras fechas<\/p>\n\t\t\t\t\t\t\t\t\t<div class=\"booking_alt_content\">\n\t\t\t\t\t\t\t\t\t<\/div>\n\t\t\t\t\t\t\t\t<\/div>\n\t\t\t\t\t\t\t<\/div>\n\t\t\t\t\t\t<\/div>\n\n\t\t\t\t\t\t<div class=\"wp-block-buttons has-custom-font-size has-l-font-size\">\n\t\t\t\t\t\t\t<div\n\t\t\t\t\t\t\t\tclass=\"wp-block-button has-custom-width wp-block-button__width-100 has-custom-font-size booking-btn has-secondary-font-family\">\n\t\t\t\t\t\t\t\t<a href=\"https:\/\/www.lemonloo.com\/es\/hebergements\/chalet-origine-2-habitaciones-sofa-cama\/\"\n\t\t\t\t\t\t\t\t\tclass=\"wp-block-button__link has-white-color has-text-color has-background has-link-color has-text-align-center wp-element-button\">\n\t\t\t\t\t\t\t\t\tDescubrir\t\t\t\t\t\t\t\t<\/a>\n\t\t\t\t\t\t\t<\/div>\n\t\t\t\t\t\t<\/div>\n\t\t\t\t\t\t<div class=\"booking_last\">\n\t\t\t\t\t\t\t<p class=\"booking_last_content\">\n\t\t\t\t\t\t\t\tM\u00e1s de <span class=\"booking_last_value\"><\/span> <br> disponibles\t\t\t\t\t\t\t<\/p>\n\t\t\t\t\t\t<\/div>\n\t\t\t\t\t\t<div class=\"booking_exclusive is-style-hover-image-effect\"><\/div>\n\t\t\t\t\t<\/div>\n\t\t\t\t<\/li>\n\n\t\t\t\t\t<\/ul>\n\n\t<\/div>\n\n<\/div>\n<\/div>\n\n<div class=\"wp-block-group alignfull lml-gamme-content-wrapper has-secondary-background-color has-background is-layout-flow wp-block-group-is-layout-flow\" style=\"padding-top:23rem;padding-bottom:0rem\">\n<div class=\"wp-block-group is-centered has-global-padding is-layout-constrained wp-container-core-group-is-layout-612de5cf wp-block-group-is-layout-constrained\" style=\"min-height:50vh;margin-bottom:var(--wp--preset--spacing--xl);padding-right:var(--wp--preset--spacing--m);padding-left:var(--wp--preset--spacing--m)\">\n<div class=\"wp-block-group is-centered is-vertical is-layout-flex wp-container-core-group-is-layout-fe9cc265 wp-block-group-is-layout-flex\">\n<div class=\"wp-block-group is-m-col is-nowrap is-layout-flex wp-container-core-group-is-layout-e43e2d1a wp-block-group-is-layout-flex\" style=\"margin-bottom:var(--wp--preset--spacing--xl)\">\n<p class=\"is-style-hrz-p--subtitle has-ternary-color has-text-color has-link-color wp-elements-63fb97a4af239d7fc03fc14a331f3fd0\">Nuestros chal\u00e9s :<\/p>\n\n\n\n<p class=\"is-style-hrz-p--subtitlebis is-underlined-turquoise has-turquoise-color has-text-color has-link-color has-l-font-size wp-elements-cafdbe60f33d14b3406ce29a53f458c5\">tu comodidad<\/p>\n<\/div>\n\n\n\n<p class=\"is-style-hrz-p--title is-t-centered has-ternary-color has-text-color has-link-color wp-elements-88c670afd1a03b5ffce7fd5aa75b32af\">Recarga las pilas<br\/>en un entorno perfecto<\/p>\n\n\n\n<div class=\"wp-block-group elem elem4b is-layout-flow wp-block-group-is-layout-flow\">\n<figure class=\"wp-block-image size-full elem wp-duotone-bg-brown\"><img alt=\"\" decoding=\"async\" src=\"https:\/\/www.lemonloo.com\/wp-content\/uploads\/2026\/01\/FLEURS-1.svg\" alt=\"\" class=\"wp-image-241\" style=\"object-fit:cover\"\/><\/figure>\n<\/div>\n<\/div>\n<\/div>\n\n\n\n<div class=\"wp-block-group has-global-padding is-layout-constrained wp-container-core-group-is-layout-0416ff56 wp-block-group-is-layout-constrained\" style=\"padding-right:var(--wp--preset--spacing--m);padding-left:var(--wp--preset--spacing--m)\">\n<div class=\"wp-block-columns is-layout-flex wp-container-core-columns-is-layout-28f84493 wp-block-columns-is-layout-flex\">\n<div class=\"wp-block-column is-layout-flow wp-block-column-is-layout-flow\">\n<h2 class=\"wp-block-heading has-text-align-left is-style-hrz-title--sub has-turquoise-color has-text-color has-link-color wp-elements-d5db0a44cc1dac0c8c9dfa0e5422958d\" style=\"margin-bottom:var(--wp--preset--spacing--s)\">Chalets de madera climatizados en el camping de Bagn\u00e8res de Bigorre<\/h2>\n\n\n\n<p class=\"has-text-align-left is-style-hrz-p--subtitlebis has-ternary-color has-text-color has-link-color wp-elements-a61317aed3617e3eae725df4762ac063\" style=\"margin-bottom:var(--wp--preset--spacing--xl)\">nuestros chalets para un ambiente acogedor<\/p>\n\n\n\n<p class=\"has-text-align-left is-style-hrz-p--base has-ternary-color has-text-color has-link-color wp-elements-b923ea5a27a5368d744a9d292b914b8c\">\u00a1Qu\u00e9 ambiente proporcionan nuestros chalets! Con una terraza con vistas a las monta\u00f1as y, en algunos casos, a la laguna, nuestros chal\u00e9s Privil\u00e8ge tienen una superficie de 35 m\u00b2. Disponibles en varios modelos, con 2 \u00f3 3 dormitorios en la planta baja o en un altillo, con camas superpuestas o literas, con o sin sof\u00e1 cama, todos est\u00e1n climatizados y disponen de cocina totalmente equipada, cuarto de ba\u00f1o, WC separado y una terraza cubierta ideal para compartir una comida al aire libre, con una gran mesa, tumbonas y barbacoa.  <\/p>\n<\/div>\n\n\n\n<div class=\"wp-block-column is-vertically-aligned-center col-img is-layout-flow wp-block-column-is-layout-flow\">\n<div class=\"wp-block-group is-content-justification-center is-nowrap is-layout-flex wp-container-core-group-is-layout-db2157da wp-block-group-is-layout-flex\">\n<figure class=\"wp-block-image size-full wp-container-content-100d69fb wp-duotone-bg-t-clair\"><img alt=\"\" decoding=\"async\" src=\"https:\/\/www.lemonloo.com\/wp-content\/uploads\/2026\/01\/tente2.svg\" alt=\"\" class=\"wp-image-233\" style=\"object-fit:cover\"\/><\/figure>\n\n\n\n<figure class=\"wp-block-image size-full wp-container-content-b04ba3db wp-duotone-bg-t-clair\"><img alt=\"\" decoding=\"async\" src=\"https:\/\/www.lemonloo.com\/wp-content\/uploads\/2026\/01\/MH.svg\" alt=\"\" class=\"wp-image-245\" style=\"object-fit:cover\"\/><\/figure>\n<\/div>\n<\/div>\n<\/div>\n<\/div>\n<\/div>\n\n<div class=\"wp-block-group alignfull lml-gamme-content-wrapper has-secondary-background-color has-background is-layout-flow wp-container-core-group-is-layout-716f6593 wp-block-group-is-layout-flow\" style=\"padding-top:23rem;padding-bottom:10rem\">\n<div class=\"wp-block-group has-global-padding is-layout-constrained wp-container-core-group-is-layout-0416ff56 wp-block-group-is-layout-constrained\" style=\"padding-right:var(--wp--preset--spacing--m);padding-left:var(--wp--preset--spacing--m)\">\n<div class=\"wp-block-columns is-layout-flex wp-container-core-columns-is-layout-bd3e6d7c wp-block-columns-is-layout-flex\">\n<div class=\"wp-block-column is-layout-flow wp-container-core-column-is-layout-168482ca wp-block-column-is-layout-flow\">\n<h2 class=\"wp-block-heading has-text-align-left is-style-hrz-title--sub has-turquoise-color has-text-color has-link-color wp-elements-9008f20a995cb18000e9f26ec5e1498e\" style=\"margin-bottom:var(--wp--preset--spacing--s)\">Tu alquiler de chalet en Bagn\u00e8res-de-Bigorre<\/h2>\n\n\n\n<p class=\"has-text-align-left is-style-hrz-p--base has-ternary-color has-text-color has-link-color wp-elements-4aebdeea83bb891a3c3052f106043761\">Nuestro camping dispone de chal\u00e9s de 4 a 6 plazas. Seg\u00fan tus necesidades, puedes alojarte en familia, en pareja o con amigos. <\/p>\n\n\n\n<p class=\"has-text-align-left is-style-hrz-p--base has-ternary-color has-text-color has-link-color wp-elements-605d9c06dced6cf25cafa67c6be8e299\">Adem\u00e1s, nuestros amplios alojamientos de 35 m\u00b2 tienen 2 \u00f3 3 dormitorios, seg\u00fan el tama\u00f1o que elijas. Encontrar\u00e1s todas las comodidades que necesitas para unas vacaciones satisfactorias, gracias a nuestra ropa de cama de alta calidad y a nuestras cocinas totalmente equipadas. <\/p>\n\n\n\n<p class=\"has-text-align-left is-style-hrz-p--base has-ternary-color has-text-color has-link-color wp-elements-95b75ccffc2a4c6770443ece6c9379e0\">Cada una de nuestras viviendas de alquiler tiene su propia terraza privada, cubierta y ajardinada, y las terrazas de los chal\u00e9s junto a la laguna tienen grandes cortinas para que las veladas sean acogedoras. Aprovecha la barbacoa y las tumbonas que tienes a tu disposici\u00f3n para pasar agradables momentos de relax y socializaci\u00f3n en la monta\u00f1a. Perfecto si decides venir a un tratamiento termal, nuestro camping est\u00e1 cerca de los ba\u00f1os termales de Bagn\u00e8res de Bigorre, en los Altos Pirineos.  <\/p>\n<\/div>\n\n\n\n<div class=\"wp-block-column is-vertically-aligned-center col-img is-layout-flow wp-block-column-is-layout-flow\">\n<div class=\"wp-block-group anim-speed-m elem5b has-global-padding is-layout-constrained wp-block-group-is-layout-constrained\">\n<figure class=\"wp-block-image size-full is-resized has-custom-border is-style-hrz-img--four\"><img alt=\"\" decoding=\"async\" width=\"1022\" height=\"680\" src=\"https:\/\/www.lemonloo.com\/wp-content\/uploads\/2026\/01\/00000501586.jpg\" alt=\"\" class=\"wp-image-463\" style=\"border-top-left-radius:2000px;border-top-right-radius:2000px;border-bottom-left-radius:2000px;border-bottom-right-radius:2000px;object-fit:cover;width:550px;height:550px\" srcset=\"https:\/\/www.lemonloo.com\/wp-content\/uploads\/2026\/01\/00000501586.jpg 1022w, https:\/\/www.lemonloo.com\/wp-content\/uploads\/2026\/01\/00000501586-300x200.jpg 300w, https:\/\/www.lemonloo.com\/wp-content\/uploads\/2026\/01\/00000501586-768x511.jpg 768w, https:\/\/www.lemonloo.com\/wp-content\/uploads\/2026\/01\/00000501586-720x480.jpg 720w, https:\/\/www.lemonloo.com\/wp-content\/uploads\/2026\/01\/00000501586-480x320.jpg 480w, https:\/\/www.lemonloo.com\/wp-content\/uploads\/2026\/01\/00000501586-240x160.jpg 240w, https:\/\/www.lemonloo.com\/wp-content\/uploads\/2026\/01\/00000501586-120x80.jpg 120w\" sizes=\"(max-width: 1022px) 100vw, 1022px\" \/><\/figure>\n<\/div>\n<\/div>\n<\/div>\n<\/div>\n<\/div>\n","protected":false},"excerpt":{"rendered":"<p>Nuestros alquileres de chal\u00e9s en Bagn\u00e8res de Bigorre Tus vacaciones en la monta\u00f1a Durante tus pr\u00f3ximas vacaciones en la regi\u00f3n de Occitanie, \u00a1ven a disfrutar de los encantos de la monta\u00f1a desde nuestro camping de Bagn\u00e8res de Bigorre! Ven a recargar las pilas en un entorno verde y respira el aire puro de las monta\u00f1as [&hellip;]<\/p>\n","protected":false},"author":1,"featured_media":0,"parent":0,"menu_order":8,"comment_status":"closed","ping_status":"closed","template":"page-no-title","meta":{"_acf_changed":false,"_seopress_robots_primary_cat":"","_seopress_titles_title":"Alquiler de chalets en Bagneres de Bigorre | Le Monl\u00f4o 4* | Camping 65","_seopress_titles_desc":"\u00a1Descubre nuestros confortables chal\u00e9s en Bagn\u00e8res de Bigorre! Le Monl\u00f4o, camping de 4 estrellas, te acoge para tu estancia en los Altos Pirineos ","_seopress_robots_index":"","footnotes":""},"class_list":["post-963","page","type-page","status-publish","hentry"],"acf":[],"_links":{"self":[{"href":"https:\/\/www.lemonloo.com\/es\/wp-json\/wp\/v2\/pages\/963","targetHints":{"allow":["GET"]}}],"collection":[{"href":"https:\/\/www.lemonloo.com\/es\/wp-json\/wp\/v2\/pages"}],"about":[{"href":"https:\/\/www.lemonloo.com\/es\/wp-json\/wp\/v2\/types\/page"}],"author":[{"embeddable":true,"href":"https:\/\/www.lemonloo.com\/es\/wp-json\/wp\/v2\/users\/1"}],"replies":[{"embeddable":true,"href":"https:\/\/www.lemonloo.com\/es\/wp-json\/wp\/v2\/comments?post=963"}],"version-history":[{"count":2,"href":"https:\/\/www.lemonloo.com\/es\/wp-json\/wp\/v2\/pages\/963\/revisions"}],"predecessor-version":[{"id":975,"href":"https:\/\/www.lemonloo.com\/es\/wp-json\/wp\/v2\/pages\/963\/revisions\/975"}],"wp:attachment":[{"href":"https:\/\/www.lemonloo.com\/es\/wp-json\/wp\/v2\/media?parent=963"}],"curies":[{"name":"wp","href":"https:\/\/api.w.org\/{rel}","templated":true}]}}