{"id":979,"date":"2026-01-29T10:57:46","date_gmt":"2026-01-29T10:57:46","guid":{"rendered":"https:\/\/www.lemonloo.com\/informacion-legal\/"},"modified":"2026-03-11T08:32:16","modified_gmt":"2026-03-11T08:32:16","slug":"informacion-legal","status":"publish","type":"page","link":"https:\/\/www.lemonloo.com\/es\/informacion-legal\/","title":{"rendered":"Informaci\u00f3n legal"},"content":{"rendered":"\n<div class=\"wp-block-group alignfull has-quaternary-background-color has-background has-global-padding is-layout-constrained wp-container-core-group-is-layout-35af03a2 wp-block-group-is-layout-constrained\" style=\"padding-right:var(--wp--preset--spacing--s);padding-left:var(--wp--preset--spacing--s)\">\n<p class=\"has-text-align-right is-style-hrz-p--title has-secondary-color has-text-color has-link-color wp-elements-6b114e8b011defe18f12878dd73e98d0\" style=\"padding-top:40vh;padding-bottom:var(--wp--preset--spacing--xs)\">Informaci\u00f3n legal<\/p>\n<\/div>\n\n<div class=\"wp-block-group alignfull is-style-default has-secondary-background-color has-background has-global-padding is-layout-constrained wp-container-core-group-is-layout-b91a3ada wp-block-group-is-layout-constrained\" style=\"padding-right:var(--wp--preset--spacing--m);padding-left:var(--wp--preset--spacing--m)\">\n<div style=\"height:210px\" aria-hidden=\"true\" class=\"wp-block-spacer\"><\/div>\n\n\n\n<h2 class=\"wp-block-heading is-style-hrz-title--sub\">Editor del sitio web :<\/h2>\n\n\n\n<p class=\"is-style-hrz-p--base\">SARL Camping Le Monl\u00f4o &#8211; Capital \u20ac 8000<\/p>\n\n\n\n<p class=\"is-style-hrz-p--base\">CAMPING LE MONLOO ****<\/p>\n\n\n\n<p class=\"is-style-hrz-p--base\">6, route de la Plaine<\/p>\n\n\n\n<p class=\"is-style-hrz-p--base\">65200 Bagn\u00e8res de Bigorre, FRANCIA<\/p>\n\n\n\n<p class=\"is-style-hrz-p--base\"><strong>Tel.:<\/strong> 05 62 95 19 65<\/p>\n\n\n\n<p class=\"is-style-hrz-p--base\"><strong>Correo electr\u00f3nico :<\/strong> <a href=\"mailto:campingmonloo@yahoo.com\">campingmonloo@yahoo.com<\/a><\/p>\n\n\n\n<p class=\"is-style-hrz-p--base\"><strong>Nombre de la empresa:<\/strong> SARL Camping Le Monl\u00f4o<\/p>\n\n\n\n<p class=\"is-style-hrz-p--base\"><strong>Capital social:<\/strong> 8.000<\/p>\n\n\n\n<p class=\"is-style-hrz-p--base\"><strong>Siret :<\/strong> 441 871 860 00017<\/p>\n\n\n\n<p class=\"is-style-hrz-p--base\"><strong>C\u00f3digo APE:<\/strong> 55 302<\/p>\n\n\n\n<p class=\"is-style-hrz-p--base\"><strong>RCS:<\/strong> 441 871 860<\/p>\n\n\n\n<p class=\"is-style-hrz-p--base\"><strong>IVA intracomunitario: <\/strong>FR12 441 871 860<\/p>\n\n\n\n<p class=\"is-style-hrz-p--base\"><strong>Director de la publicaci\u00f3n:<\/strong> Christelle ABADIE<\/p>\n\n\n\n<p class=\"is-style-hrz-p--base\">Fotos: Camping le Monl\u00f4o, Adobe Stock<\/p>\n\n\n\n<p class=\"is-style-hrz-p--base\"><strong>Defensor del consumidor :<\/strong><\/p>\n\n\n\n<p class=\"is-style-hrz-p--base\"><strong>El mediador<\/strong> propuesto <strong>en materia de &#8220;derecho de los consumidores&#8221;<\/strong> es MEDICYS. Puedes ponerte en contacto con este sistema de mediaci\u00f3n por v\u00eda electr\u00f3nica: www.medicys.fr o por correo postal: MEDICYS &#8211; Centre de m\u00e9diation et r\u00e8glement amiable des huissiers de justice &#8211; 73, boulevard de Clichy, 750009 &#8211; PAR\u00cdS. <\/p>\n\n\n\n<p class=\"is-style-hrz-p--base\">De acuerdo con las disposiciones del C\u00f3digo de Consumo (art\u00edculos L.111-1 y L.612-1 del C\u00f3digo de Consumo) relativas al proceso de mediaci\u00f3n en los litigios de consumo&#8221;, el cliente tiene derecho a recurrir gratuitamente al servicio de mediaci\u00f3n ofrecido por el establecimiento.<\/p>\n\n\n\n<p class=\"is-style-hrz-p--base\"><strong>Pol\u00edtica de privacidad :<\/strong><\/p>\n\n\n\n<p class=\"is-style-hrz-p--base\">Nuestro establecimiento participa y cumple todas las Especificaciones y Pol\u00edticas del Marco de Transparencia y Consentimiento de la IAB Europe. Utiliza la Plataforma de Gesti\u00f3n del Consentimiento n\u00ba 92.<br\/>Puedes cambiar tus opciones en cualquier momento <a href=\"javascript:void(0);\">haciendo clic aqu\u00ed<\/a>. <\/p>\n\n\n\n<p class=\"is-style-hrz-p--base\"><strong>Oposici\u00f3n a la llamada en fr\u00edo :<\/strong><\/p>\n\n\n\n<p class=\"is-style-hrz-p--base\">De conformidad con las disposiciones del C\u00f3digo de Consumo (art\u00edculo L. 223-2 del C\u00f3digo de Consumo), cuando un profesional recoge datos telef\u00f3nicos de un consumidor, le informa de su derecho a inscribirse en la lista <a href=\"https:\/\/www.bloctel.gouv.fr\/\" target=\"_blank\" rel=\"noreferrer noopener\">&#8220;Bloctel<\/a> &#8221; de oposici\u00f3n a la prospecci\u00f3n telef\u00f3nica, en la que puedes inscribirte aqu\u00ed: https: <a href=\"https:\/\/www.bloctel.gouv.fr\/\" target=\"_blank\" rel=\"noreferrer noopener\">\/\/www.bloctel.gouv.fr<\/a><\/p>\n\n\n\n<h2 class=\"wp-block-heading is-style-hrz-title--sub\">Dise\u00f1o, desarrollo y alojamiento:<\/h2>\n\n\n\n<p class=\"is-style-hrz-title--sub is-style-hrz-p--base\">Marketing Horizonte<\/p>\n\n\n\n<p class=\"is-style-hrz-p--base\">Representado por el Sr. Benjamin BALOCHE en calidad de Presidente.<br\/><br\/>Oficina central: 3 Rue Alessandro Volta &#8211; 44470 Carquefou<br\/>Tel. 02.40.85.64.64 &#8211; Fax. 02.40.85.64.65<br\/>Soporte t\u00e9cnico : <strong>Email : <\/strong>info@pyver.com<br\/>P\u00e1gina web : <a href=\"https:\/\/www.horizon-marketing.com\/\">horizon-marketing.com<\/a> <\/p>\n\n\n\n<p class=\"is-style-hrz-p--base\">RCS Nantes 421 902 768<br\/>SIRET 421 902 768 00033 &#8211; C\u00f3digo APE 7311Z<br\/>SAS au capital de 30 000 euros.<br\/>N\u00b0 TVA intracommunautaire FR 33 421 902 768<\/p>\n\n\n\n<h2 class=\"wp-block-heading is-style-hrz-title--sub\">Informaci\u00f3n legal<\/h2>\n\n\n\n<p class=\"is-style-hrz-p--base\">La totalidad de este sitio se rige por la legislaci\u00f3n francesa sobre derechos de autor y propiedad intelectual. En aplicaci\u00f3n de la ley de 11 de marzo de 1957 (art.41) y del c\u00f3digo de la propiedad intelectual de 1 de julio de 1992, toda reproducci\u00f3n parcial o total de este sitio para uso colectivo est\u00e1 estrictamente prohibida sin la autorizaci\u00f3n expresa y previa de SAS PYVER y constituir\u00eda una infracci\u00f3n sancionada por los art\u00edculos L335-2 y siguientes del c\u00f3digo de la propiedad intelectual. <\/p>\n\n\n\n<p class=\"is-style-hrz-p--base\">Los elementos de este sitio, como logotipos, sonidos, im\u00e1genes, fotograf\u00edas, v\u00eddeos, textos, animaciones, programas, directrices gr\u00e1ficas, utilidades, bases de datos y software, son propiedad de sus respectivos propietarios y est\u00e1n protegidos por las disposiciones del C\u00f3digo de la Propiedad Intelectual franc\u00e9s. El usuario se compromete a no infringir los derechos de propiedad intelectual relativos a estos elementos y, en particular, a no reproducir, representar, modificar, adaptar, traducir, extraer y\/o reutilizar una parte cualitativa o cuantitativamente sustancial de los mismos por cualquier procedimiento. <\/p>\n\n\n\n<p class=\"is-style-hrz-p--base\">De conformidad con el art\u00edculo 34 de la Ley francesa n\u00ba 78-17 de 06\/01\/1978 de Protecci\u00f3n de Datos, tienes derecho a acceder, modificar, rectificar y suprimir los datos que te conciernen. Para ejercer este derecho, escribe al editor mencionado. <a><\/a><a><\/a><\/p>\n\n\n\n<h2 class=\"wp-block-heading is-style-hrz-title--sub\">Galletas<\/h2>\n\n\n\n<p class=\"is-style-hrz-p--base\">La navegaci\u00f3n por este sitio web puede provocar la instalaci\u00f3n de cookies en el ordenador del usuario. Una cookie es un peque\u00f1o archivo que no permite identificar al usuario, pero que registra informaci\u00f3n relativa a la navegaci\u00f3n de un ordenador en este sitio web. Los datos recogidos de este modo est\u00e1n destinados a facilitar la navegaci\u00f3n posterior por el sitio y tambi\u00e9n se utilizan para medir el n\u00famero de visitantes.<br\/>Si te niegas a instalar una cookie, es posible que no puedas acceder a determinados servicios.<br\/>Las cookies estrictamente necesarias para el funcionamiento del sitio est\u00e1n exentas de consentimiento. Estas cookies permiten el funcionamiento \u00f3ptimo de los principales servicios del sitio. T\u00e9cnicamente, puedes bloquearlas mediante la configuraci\u00f3n de tu navegador, pero tu experiencia en el sitio puede degradarse.<br\/>Sin embargo, los usuarios pueden configurar su ordenador para rechazar la instalaci\u00f3n de cookies. Dependiendo de tu navegador, puedes hacerlo de la siguiente manera:     <\/p>\n\n\n\n<p class=\"is-style-hrz-p--base\">Con Firefox: En el men\u00fa del navegador, haz clic en el men\u00fa <strong>Herramientas<\/strong>, luego ve a la pesta\u00f1a <strong>Opciones <\/strong>y, a continuaci\u00f3n, a la pesta\u00f1a <strong>Privacidad<\/strong>.<br\/>Establece las <strong>reglas de retenci\u00f3n<\/strong> en: <strong>utilizar configuraci\u00f3n personalizada para el historial<\/strong> y desmarca la casilla <strong>Aceptar cookies<\/strong>.<\/p>\n\n\n\n<p class=\"is-style-hrz-p--base\">Con Chrome: En la parte superior derecha del navegador, haz clic en el icono de men\u00fa (simbolizado por<strong> tres puntos verticales<\/strong>), luego en <strong>Configuraci\u00f3n<\/strong> y, a continuaci\u00f3n, en <strong>Mostrar configuraci\u00f3n avanzada<\/strong>. En la secci\u00f3n &#8220;Confidencialidad&#8221;, haz clic en <strong>Configuraci\u00f3n de contenido<\/strong>, y podr\u00e1s elegir bloquear las cookies. <\/p>\n\n\n\n<p class=\"is-style-hrz-p--base\">Con Internet Explorer: En la parte superior derecha del navegador, haz clic en el icono de men\u00fa (simbolizado por<strong> tres puntos horizontales<\/strong>), luego en <strong>Configuraci\u00f3n<\/strong> y, a continuaci\u00f3n, en <strong>Mostrar configuraci\u00f3n avanzada<\/strong>. En la secci\u00f3n Cookies, haz clic en <strong>Bloquear todas las cookies<\/strong>. <\/p>\n\n\n\n<p class=\"is-style-hrz-p--base\">Con Safari: haz clic en el icono del men\u00fa (simbolizado por una <strong>rueda dentada<\/strong>) situado en la esquina superior derecha del navegador y, a continuaci\u00f3n, haz clic en <strong>Preferencias<\/strong>. Selecciona la pesta\u00f1a <strong>Seguridad<\/strong>. Haz clic en <strong>Nunca<\/strong> en la secci\u00f3n &#8220;Aceptar cookies&#8221;.  <a><\/a><\/p>\n\n\n\n<h2 class=\"wp-block-heading is-style-hrz-title--sub\">Pol\u00edtica de privacidad<\/h2>\n\n\n\n<p class=\"is-style-hrz-p--base\">Tomaremos todas las medidas que consideremos razonablemente necesarias para garantizar que tu informaci\u00f3n se trata de forma segura y de acuerdo con esta Pol\u00edtica de Privacidad y Cookies. Somos los \u00fanicos destinatarios de tu Informaci\u00f3n Personal. Esta informaci\u00f3n, ya sea de forma individual o agregada, nunca se transmite a terceros. Nos aseguramos de que tus datos personales sean exactos y est\u00e9n actualizados. Sin embargo, eres responsable de informarnos de cualquier cambio en tus datos personales y otra informaci\u00f3n (como cambios en los datos de contacto).    <\/p>\n\n\n\n<p class=\"is-style-hrz-p--base\">Aunque tomamos estas medidas para garantizar la seguridad de tu informaci\u00f3n, debes ser consciente de los muchos riesgos de seguridad de la informaci\u00f3n que existen y tomar las precauciones adecuadas para ayudar a proteger tu informaci\u00f3n. La naturaleza de Internet es tal que no podemos garantizar la seguridad de ninguna informaci\u00f3n que nos transmitas electr\u00f3nicamente, y cualquier transmisi\u00f3n corre por tu cuenta y riesgo. <\/p>\n\n\n\n<p class=\"is-style-hrz-p--base\">Puedes revocar en cualquier momento tu consentimiento para el tratamiento de tus datos enviando un correo electr\u00f3nico a la direcci\u00f3n de correo electr\u00f3nico indicada en la secci\u00f3n &#8220;Editor del sitio&#8221; de esta p\u00e1gina. Puedes solicitarnos en cualquier momento informaci\u00f3n sobre los datos personales que tenemos sobre ti o pedirnos que los corrijamos o eliminemos. <\/p>\n\n\n\n<div style=\"height:300px\" aria-hidden=\"true\" class=\"wp-block-spacer\"><\/div>\n<\/div>\n","protected":false},"excerpt":{"rendered":"<p>Informaci\u00f3n legal Editor del sitio web : SARL Camping Le Monl\u00f4o &#8211; Capital \u20ac 8000 CAMPING LE MONLOO **** 6, route de la Plaine 65200 Bagn\u00e8res de Bigorre, FRANCIA Tel.: 05 62 95 19 65 Correo electr\u00f3nico : campingmonloo@yahoo.com Nombre de la empresa: SARL Camping Le Monl\u00f4o Capital social: 8.000 Siret : 441 871 860 [&hellip;]<\/p>\n","protected":false},"author":1,"featured_media":0,"parent":0,"menu_order":11,"comment_status":"closed","ping_status":"closed","template":"page-no-title","meta":{"_acf_changed":false,"_seopress_robots_primary_cat":"","_seopress_titles_title":"Informaci\u00f3n legal | Camping Le Monloo en Lourdes","_seopress_titles_desc":"Informaci\u00f3n legal del camping 4 estrellas Le Monloo, en Lourdes, Altos Pirineos.","_seopress_robots_index":"","footnotes":""},"class_list":["post-979","page","type-page","status-publish","hentry"],"acf":[],"_links":{"self":[{"href":"https:\/\/www.lemonloo.com\/es\/wp-json\/wp\/v2\/pages\/979","targetHints":{"allow":["GET"]}}],"collection":[{"href":"https:\/\/www.lemonloo.com\/es\/wp-json\/wp\/v2\/pages"}],"about":[{"href":"https:\/\/www.lemonloo.com\/es\/wp-json\/wp\/v2\/types\/page"}],"author":[{"embeddable":true,"href":"https:\/\/www.lemonloo.com\/es\/wp-json\/wp\/v2\/users\/1"}],"replies":[{"embeddable":true,"href":"https:\/\/www.lemonloo.com\/es\/wp-json\/wp\/v2\/comments?post=979"}],"version-history":[{"count":2,"href":"https:\/\/www.lemonloo.com\/es\/wp-json\/wp\/v2\/pages\/979\/revisions"}],"predecessor-version":[{"id":983,"href":"https:\/\/www.lemonloo.com\/es\/wp-json\/wp\/v2\/pages\/979\/revisions\/983"}],"wp:attachment":[{"href":"https:\/\/www.lemonloo.com\/es\/wp-json\/wp\/v2\/media?parent=979"}],"curies":[{"name":"wp","href":"https:\/\/api.w.org\/{rel}","templated":true}]}}