{"id":981,"date":"2026-03-10T07:55:43","date_gmt":"2026-03-10T07:55:43","guid":{"rendered":"https:\/\/www.lemonloo.com\/condiciones-generales-de-venta\/"},"modified":"2026-03-11T08:32:16","modified_gmt":"2026-03-11T08:32:16","slug":"condiciones-generales-de-venta","status":"publish","type":"page","link":"https:\/\/www.lemonloo.com\/es\/condiciones-generales-de-venta\/","title":{"rendered":"Condiciones generales de venta"},"content":{"rendered":"\n<div class=\"wp-block-group alignfull has-quaternary-background-color has-background has-global-padding is-layout-constrained wp-container-core-group-is-layout-35af03a2 wp-block-group-is-layout-constrained\" style=\"padding-right:var(--wp--preset--spacing--s);padding-left:var(--wp--preset--spacing--s)\">\n<p class=\"has-text-align-right is-style-hrz-p--title has-secondary-color has-text-color has-link-color wp-elements-d2fff721d50c7cf6750656e67ec6527c\" style=\"padding-top:40vh;padding-bottom:var(--wp--preset--spacing--xs)\">Nuestros t\u00e9rminos y condiciones<br\/><\/p>\n<\/div>\n\n<div class=\"wp-block-group alignfull is-style-default has-secondary-background-color has-background has-global-padding is-layout-constrained wp-container-core-group-is-layout-b91a3ada wp-block-group-is-layout-constrained\" style=\"padding-right:var(--wp--preset--spacing--m);padding-left:var(--wp--preset--spacing--m)\">\n<div style=\"height:210px\" aria-hidden=\"true\" class=\"wp-block-spacer\"><\/div>\n\n\n\n<h2 class=\"wp-block-heading is-style-hrz-title--sub\">1 &#8211; ALQUILER DE CASA M\u00d3VIL y CHALET: Llegada\/Salida<\/h2>\n\n\n\n<p class=\"is-style-hrz-p--base\"><br\/>En verano, las llegadas tienen lugar los s\u00e1bados y domingos entre las 15.00 y las 20.00 h.<br\/>Para las estancias fuera de julio y agosto, las llegadas tienen lugar a partir de las 14.00 h.<br\/>En caso de llegada tard\u00eda, informa a recepci\u00f3n.<br\/>Las salidas deben ser antes de las 10 h.<br\/>Todas las solicitudes de cambio de fechas de llegada y salida deben hacerse por escrito.<br\/>Fianza: se requiere una fianza para cubrir posibles desperfectos,<br\/>deficiencias o facturas impagadas al final de la estancia;<br\/><\/p>\n\n\n\n<p class=\"is-style-hrz-p--base\">&#8211; da\u00f1os en el alojamiento (muebles rotos, paredes da\u00f1adas, etc.);<br\/>&#8211; tareas dom\u00e9sticas no realizadas o alojamiento dejado sucio;<br\/>&#8211; lucro cesante en caso de salida anticipada o incumplimiento del contrato;<br\/>&#8211; cualquier factura impagada por servicios auxiliares (limpieza, ropa de cama, etc.).<\/p>\n\n\n\n<p class=\"is-style-hrz-p--base\"><br\/>La fianza es de 300 euros y la paga el cliente el d\u00eda de la llegada mediante cheque, efectivo o tarjeta de cr\u00e9dito (<br\/>).<br\/>La fianza se devolver\u00e1 a la salida o despu\u00e9s de tu partida y una vez que nuestro personal de limpieza haya comprobado<br\/>.<\/p>\n\n\n\n<p class=\"is-style-hrz-p--subtitle\"><br\/>2 &#8211; LUGAR DE ACAMPADA: Llegada\/Salida<\/p>\n\n\n\n<p class=\"is-style-hrz-p--base\"><br\/>Las llegadas tienen lugar a partir de las 14 h del d\u00eda especificado en el contrato.<br\/>En caso de llegada tard\u00eda, informa a recepci\u00f3n.<br\/>Las salidas tienen lugar antes de las 12 h del d\u00eda especificado en el contrato.<br\/><\/p>\n\n\n\n<p class=\"is-style-hrz-p--subtitle\">3 &#8211; Pago de la estancia<\/p>\n\n\n\n<p class=\"is-style-hrz-p--base\"><br\/>Alquiler<strong>: <\/strong>se requiere un dep\u00f3sito del 25% del importe total para validar la reserva<br\/>. Para alquileres que tengan lugar en julio y agosto, el saldo de la estancia deber\u00e1 abonarse 30<br\/>d\u00edas antes de la fecha prevista de llegada.<br\/>Para alquileres fuera de julio y agosto, el saldo de la estancia deber\u00e1 abonarse a m\u00e1s tardar el d\u00eda de llegada. <\/p>\n\n\n\n<p class=\"is-style-hrz-p--base\"><strong>Parcelas de camping:<\/strong> para todas las reservas de parcelas, se requiere un dep\u00f3sito de 50 euros<br\/>.<br\/>El resto se debe abonar, como muy tarde, a la llegada al camping.<br\/>En caso de llegada tard\u00eda o salida anticipada, no se efectuar\u00e1 ning\u00fan reembolso.<\/p>\n\n\n\n<p class=\"is-style-hrz-p--base\"><strong>Formas de pago aceptadas: <\/strong>efectivo, tarjetas bancarias, cheques bancarios, bonos de vacaciones cl\u00e1sicos<br\/>y e-connect, transferencias bancarias.<br\/>Todas las reservas son a t\u00edtulo personal y no pueden transferirse ni subarrendarse.<\/p>\n\n\n\n<p><\/p>\n\n\n\n<p class=\"is-style-hrz-p--subtitle\">4 &#8211; SEGURO DE ANULACI\u00d3N<\/p>\n\n\n\n<p class=\"is-style-hrz-p--base\"><br\/>El seguro de cancelaci\u00f3n e interrupci\u00f3n de la estancia es opcional, pero te recomendamos que lo contrates.<br\/>Debe pagarse con el dep\u00f3sito.<br\/>Asciende al 3% del coste total de la estancia.<br\/>En particular, cubre las anulaciones de vacaciones por motivos m\u00e9dicos, accidente grave o fallecimiento,<br\/>incidentes que causen da\u00f1os importantes en tu vivienda, despido o cambios en tu derecho a vacaciones<br\/>por parte de tu empresario, como consecuencia de ser llamado a examen o a comparecer ante un tribunal.<br\/>Las condiciones completas del contrato de seguro de anulaci\u00f3n est\u00e1n disponibles previa solicitud.<br\/>En caso de cancelaci\u00f3n o interrupci\u00f3n de tu estancia por un motivo cubierto por el contrato<br\/>, deber\u00e1s comunicar tu reclamaci\u00f3n por correo postal a: Gritchen Affinity &#8211; Service Sinistre &#8211;<br\/>BP66048 &#8211; 18024 BOURGES Cedex o por Internet: www.campez-couvert.com\/sinistres o por correo electr\u00f3nico:<br\/>mail: <a href=\"mailto:sinistres@campez-couvert.com\">sinistres@campez-couvert.com.<\/a><\/p>\n\n\n\n<p class=\"is-style-hrz-p--subtitle\">5 &#8211; CONDICIONES DE ANULACI\u00d3N del Camping Le Monl\u00f4o<\/p>\n\n\n\n<ol start=\"5\" class=\"wp-block-list is-style-hrz-p--base\"><\/ol>\n\n\n\n<ul class=\"wp-block-list is-style-hrz-p--base\">\n<li>Para las anulaciones notificadas por escrito al camping hasta 31 d\u00edas antes del inicio de las vacaciones:<br\/>El camping retendr\u00e1 el 25% del dep\u00f3sito en concepto de gastos de anulaci\u00f3n.<\/li>\n\n\n\n<li>Para cancelaciones notificadas por escrito al camping 30 d\u00edas o m\u00e1s antes de tu llegada:<br\/>El camping retendr\u00e1 todas las cantidades abonadas.<\/li>\n<\/ul>\n\n\n\n<p class=\"is-style-hrz-p--subtitle\">6 &#8211; REGLAMENTO INTERNO<\/p>\n\n\n\n<ul class=\"wp-block-list is-style-hrz-p--base\">\n<li>Toda persona que se aloje en Le Monl\u00f4o debe respetar las normas y obligaciones del camping<br\/>(reglamento interno expuesto en la recepci\u00f3n y en el tabl\u00f3n de precios).<\/li>\n\n\n\n<li>Las caravanas de dos ejes est\u00e1n prohibidas.<\/li>\n\n\n\n<li>Los animales de compa\u00f1\u00eda deben llevar correa, estar al d\u00eda de las vacunas y bajo la supervisi\u00f3n constante<br\/>de su due\u00f1o.<\/li>\n\n\n\n<li>Todos los visitantes deben registrarse en recepci\u00f3n y pagar una entrada para las visitas a<br\/>de m\u00e1s de 2 horas; su veh\u00edculo debe aparcarse en el aparcamiento exterior.<\/li>\n\n\n\n<li>La direcci\u00f3n se reserva el derecho de expulsar sin previo aviso ni reembolso a cualquier persona<br\/>que incumpla las normas internas.<\/li>\n\n\n\n<li>Por favor, permanece en silencio despu\u00e9s de las 23.00 h. En caso de quejas, violencia o da\u00f1os,<br\/>ser\u00e1 desalojado inmediatamente. <\/li>\n\n\n\n<li><br\/>No se realizar\u00e1 ning\u00fan reembolso ni compensaci\u00f3n en caso de cierre temporal o estacional de uno o m\u00e1s servicios en<br\/>debido a problemas t\u00e9cnicos, clim\u00e1ticos, administrativos o de otro tipo.<\/li>\n<\/ul>\n\n\n\n<p class=\"is-style-hrz-p--subtitle\">7- DISPUTAS<\/p>\n\n\n\n<p class=\"is-style-hrz-p--base\"><br\/>En caso de litigio, y tras ponerse en contacto con el servicio de atenci\u00f3n al cliente del camping, cualquier cliente del camping puede<br\/>someter el asunto a un defensor del consumidor en un plazo m\u00e1ximo de un a\u00f1o a partir de la fecha<br\/>de la reclamaci\u00f3n escrita, por carta certificada, al operador. Los datos de contacto del mediador<br\/>al que puede dirigirse el cliente son los siguientes CM2C 14 Rue Saint-Jean, 75017 Par\u00eds <\/p>\n\n\n\n<div style=\"height:300px\" aria-hidden=\"true\" class=\"wp-block-spacer\"><\/div>\n<\/div>\n","protected":false},"excerpt":{"rendered":"<p>Nuestros t\u00e9rminos y condiciones 1 &#8211; ALQUILER DE CASA M\u00d3VIL y CHALET: Llegada\/Salida En verano, las llegadas tienen lugar los s\u00e1bados y domingos entre las 15.00 y las 20.00 h.Para las estancias fuera de julio y agosto, las llegadas tienen lugar a partir de las 14.00 h.En caso de llegada tard\u00eda, informa a recepci\u00f3n.Las salidas [&hellip;]<\/p>\n","protected":false},"author":1,"featured_media":0,"parent":0,"menu_order":1,"comment_status":"closed","ping_status":"closed","template":"page-no-title","meta":{"_acf_changed":false,"_seopress_robots_primary_cat":"","_seopress_titles_title":"","_seopress_titles_desc":"","_seopress_robots_index":"","footnotes":""},"class_list":["post-981","page","type-page","status-publish","hentry"],"acf":[],"_links":{"self":[{"href":"https:\/\/www.lemonloo.com\/es\/wp-json\/wp\/v2\/pages\/981","targetHints":{"allow":["GET"]}}],"collection":[{"href":"https:\/\/www.lemonloo.com\/es\/wp-json\/wp\/v2\/pages"}],"about":[{"href":"https:\/\/www.lemonloo.com\/es\/wp-json\/wp\/v2\/types\/page"}],"author":[{"embeddable":true,"href":"https:\/\/www.lemonloo.com\/es\/wp-json\/wp\/v2\/users\/1"}],"replies":[{"embeddable":true,"href":"https:\/\/www.lemonloo.com\/es\/wp-json\/wp\/v2\/comments?post=981"}],"version-history":[{"count":2,"href":"https:\/\/www.lemonloo.com\/es\/wp-json\/wp\/v2\/pages\/981\/revisions"}],"predecessor-version":[{"id":984,"href":"https:\/\/www.lemonloo.com\/es\/wp-json\/wp\/v2\/pages\/981\/revisions\/984"}],"wp:attachment":[{"href":"https:\/\/www.lemonloo.com\/es\/wp-json\/wp\/v2\/media?parent=981"}],"curies":[{"name":"wp","href":"https:\/\/api.w.org\/{rel}","templated":true}]}}