{"id":992,"date":"2026-01-14T10:59:52","date_gmt":"2026-01-14T10:59:52","guid":{"rendered":"https:\/\/www.lemonloo.com\/localizaciones\/"},"modified":"2026-03-11T08:58:15","modified_gmt":"2026-03-11T08:58:15","slug":"localizaciones","status":"publish","type":"page","link":"https:\/\/www.lemonloo.com\/es\/localizaciones\/","title":{"rendered":"Localizaciones"},"content":{"rendered":"\n<div class=\"wp-block-group alignfull lml-slider-wrapper has-quaternary-background-color has-background is-layout-flow wp-block-group-is-layout-flow\">\n<div class=\"wp-block-group lml-mask is-layout-flow wp-block-group-is-layout-flow\" style=\"padding-right:0;padding-left:0\">\n<div class=\"wp-block-cover has-custom-content-position is-position-bottom-center lml-slide swiper-slide\" style=\"padding-top:0\"><img alt=\"\" decoding=\"async\" width=\"1920\" height=\"1277\" class=\"wp-block-cover__image-background wp-image-819 size-full\" alt=\"\" src=\"https:\/\/www.lemonloo.com\/wp-content\/uploads\/2026\/03\/emplacements-c.webp\" data-object-fit=\"cover\" srcset=\"https:\/\/www.lemonloo.com\/wp-content\/uploads\/2026\/03\/emplacements-c.webp 1920w, https:\/\/www.lemonloo.com\/wp-content\/uploads\/2026\/03\/emplacements-c-300x200.webp 300w, https:\/\/www.lemonloo.com\/wp-content\/uploads\/2026\/03\/emplacements-c-1024x681.webp 1024w, https:\/\/www.lemonloo.com\/wp-content\/uploads\/2026\/03\/emplacements-c-768x511.webp 768w, https:\/\/www.lemonloo.com\/wp-content\/uploads\/2026\/03\/emplacements-c-720x480.webp 720w, https:\/\/www.lemonloo.com\/wp-content\/uploads\/2026\/03\/emplacements-c-480x320.webp 480w, https:\/\/www.lemonloo.com\/wp-content\/uploads\/2026\/03\/emplacements-c-240x160.webp 240w, https:\/\/www.lemonloo.com\/wp-content\/uploads\/2026\/03\/emplacements-c-120x80.webp 120w\" sizes=\"(max-width: 1920px) 100vw, 1920px\" \/><span aria-hidden=\"true\" class=\"wp-block-cover__background has-background-dim wp-block-cover__gradient-background has-background-gradient\" style=\"background:linear-gradient(0deg,rgb(0,0,0) 0%,rgba(0,0,0,0) 100%)\"><\/span><div class=\"wp-block-cover__inner-container has-global-padding is-layout-constrained wp-container-core-cover-is-layout-76f8b422 wp-block-cover-is-layout-constrained\">\n<p class=\"has-text-align-right is-style-hrz-p--title has-secondary-color has-text-color has-link-color wp-elements-d65ac94c09e6681dcc25ea6699fe30c7\" style=\"padding-top:40vh\">Todas nuestras<em>sedes<\/em><br\/><em><\/em><\/p>\n<\/div><\/div>\n<\/div>\n<\/div>\n\n<div class=\"wp-block-group alignfull is-style-bg-branche-d no-padding is-layout-flow wp-block-group-is-layout-flow\" style=\"padding-top:5rem\">\n<div class=\"wp-block-group has-global-padding is-layout-constrained wp-container-core-group-is-layout-a15e7989 wp-block-group-is-layout-constrained\" style=\"margin-top:0;margin-bottom:0;padding-top:var(--wp--preset--spacing--huge);padding-right:var(--wp--preset--spacing--m);padding-bottom:var(--wp--preset--spacing--huge);padding-left:var(--wp--preset--spacing--m)\">\n<div class=\"wp-block-group elem elem4 is-layout-flow wp-block-group-is-layout-flow\">\n<figure class=\"wp-block-image size-full wp-duotone-bg-v-clair\"><img alt=\"\" decoding=\"async\" src=\"https:\/\/www.lemonloo.com\/wp-content\/uploads\/2026\/01\/FLEURS-1.svg\" alt=\"\" class=\"wp-image-241\"\/><\/figure>\n<\/div>\n\n\n\n<div class=\"wp-block-group is-vertical is-content-justification-center is-layout-flex wp-container-core-group-is-layout-b6c1f246 wp-block-group-is-layout-flex\">\n<h1 class=\"wp-block-heading has-text-align-center is-style-hrz-title--sub has-secondary-color has-text-color has-link-color wp-elements-1f618ba511b33b35b7e43f2444fff5d8\" style=\"margin-bottom:var(--wp--preset--spacing--xs)\">Nuestras parcelas de camping en Bagn\u00e8res de Bigorre<\/h1>\n\n\n\n<h2 class=\"wp-block-heading has-text-align-center is-style-hrz-p--subtitlebis has-vert-bis-color has-text-color has-link-color wp-elements-b420b1855510cdaa74d56becda7f10ff\" style=\"margin-top:var(--wp--preset--spacing--s);margin-bottom:var(--wp--preset--spacing--s)\">Tus vacaciones en la monta\u00f1a<\/h2>\n\n\n\n<p class=\"has-text-align-center is-style-hrz-p--base has-secondary-color has-text-color has-link-color wp-elements-9dcf09a78d60c4b0401a98b4bb89ea90\">Durante tus pr\u00f3ximas vacaciones en los colores del Suroeste, en el coraz\u00f3n de la regi\u00f3n de Occitanie en los Pirineos, \u00a1ven a disfrutar de los encantos de la monta\u00f1a desde nuestro camping de Bagn\u00e8res de Bigorre! Ven a recargar las pilas en un entorno verde y respira el aire puro de las monta\u00f1as de la Haute-Bigorre. Nuestro camping de 4 estrellas en los Altos Pirineos te ofrece diferentes tipos de alojamiento para tus vacaciones en la monta\u00f1a. \u00a1Echa un vistazo a nuestras parcelas y reserva ya!   <\/p>\n<\/div>\n<\/div>\n\n\n\n<div class=\"wp-block-group has-global-padding is-layout-constrained wp-container-core-group-is-layout-f3a5f8d0 wp-block-group-is-layout-constrained\" style=\"margin-top:0;margin-bottom:0;padding-top:var(--wp--preset--spacing--xxl);padding-bottom:var(--wp--preset--spacing--xxl)\">\n\t<div class=\"alignfull has-global-padding is-layout-constrained wp-container-hrz-blocks-query-camping-rest-is-layout-071fe3a8 wp-block-hrz-blocks-query-camping-rest-is-layout-constrained\">\n\t\t<ul class=\"hebergement-listing \">\n\t\t\t<style>:root { --query-color: #495932; }<\/style>\t\t\t\t<li class=\"swiper-slide\">\n\t\t\t\t\t<div class=\"wp-block-group card-gamme is-style-default is-style-relative\"\n\t\t\t\t\t\t data-booking-product=\"127597\" data-booking-etab=\"854\" data-capacity=\"2\"\t\t\t\t\t\t data-product-filters='[{\"code\":\"surface\",\"type\":\"number\",\"value\":120},{\"code\":\"shaded\",\"type\":\"boolean\",\"value\":true},{\"code\":\"pets-allowed\",\"type\":\"boolean\",\"value\":true},{\"code\":\"electricity\",\"type\":\"boolean\",\"value\":true},{\"code\":\"running-water\",\"type\":\"boolean\",\"value\":true}]'>\n\t\t\t\t\t\t<div class=\"wp-block-group thumbnail-image\">\n\t\t\t\t\t\t\t<a href=\"https:\/\/www.lemonloo.com\/es\/hebergements\/localizacion-xl\/\" title=\"Localizaci\u00f3n XL\">\n\t\t\t\t\t\t\t\t<figure class=\"wp-block-image alignfull size-large\" style=\"margin:0;\">\n\t\t\t\t\t\t\t\t\t<img decoding=\"async\" src=\"https:\/\/www.lemonloo.com\/wp-content\/uploads\/2026\/01\/00001095356-1024x768.jpg\"\n\t\t\t\t\t\t\t\t\t\talt=\"Localizaci\u00f3n XL\" \/>\n\t\t\t\t\t\t\t\t<\/figure>\n\t\t\t\t\t\t\t\t<div class=\"full\">\n\t\t\t\t\t\t\t\t\t<p class=\"text\">Disponible en otras fechas<\/p>\n\t\t\t\t\t\t\t\t<\/div>\n\t\t\t\t\t\t\t<\/a>\n\t\t\t\t\t\t<\/div>\n\n\n\t\t\t\t\t\t<div class=\"wp-block-group has-white-background-color has-background card-content\">\n\t\t\t\t\t\t\t<div class=\"wp-block-group content\">\n\t\t\t\t\t\t\t\t<h3 class=\"wp-block-heading has-secondary-color has-link-color has-secondary-color\">\n\t\t\t\t\t\t\t\t\tLocalizaci\u00f3n XL\t\t\t\t\t\t\t\t<\/h3>\n\n\t\t\t\t\t\t\t\t\t\t\t\t\t\t\t<\/div>\n\n\t\t\t\t\t\t\t<div class=\"wp-block-group card-price has-background\">\n\t\t\t\t\t\t\t\t<div class=\"loader\">\n\t\t\t\t\t\t\t\t\t<span class=\"dot\"><\/span>\n\t\t\t\t\t\t\t\t\t<span class=\"dot\"><\/span>\n\t\t\t\t\t\t\t\t\t<span class=\"dot\"><\/span>\n\t\t\t\t\t\t\t\t<\/div>\n\t\t\t\t\t\t\t\t<div class=\"booking_default\">\n\t\t\t\t\t\t\t\t\t<p class=\"has-text-align-right\">A partir de<\/p>\n\n\t\t\t\t\t\t\t\t\t<p class=\"has-text-align-right booking_price has-secondary-font-family\"><\/p>\n\t\t\t\t\t\t\t\t\t<p class=\"has-text-align-right booking_no_discount has-secondary-font-family\"><\/p>\n\n\t\t\t\t\t\t\t\t\t<p class=\"has-text-align-right dates\">\n\t\t\t\t\t\t\t\t\t\tDel <span class=\"start\"><\/span> al <span class=\"end\"><\/span>\t\t\t\t\t\t\t\t\t<\/p>\n\t\t\t\t\t\t\t\t<\/div>\n\t\t\t\t\t\t\t\t<div class=\"wp-block-group booking_alt\">\n\t\t\t\t\t\t\t\t\t<p class=\"booking_alt_text\">Disponible en otras fechas<\/p>\n\t\t\t\t\t\t\t\t\t<div class=\"booking_alt_content\">\n\t\t\t\t\t\t\t\t\t<\/div>\n\t\t\t\t\t\t\t\t<\/div>\n\t\t\t\t\t\t\t<\/div>\n\t\t\t\t\t\t<\/div>\n\n\t\t\t\t\t\t<div class=\"wp-block-buttons has-custom-font-size has-l-font-size\">\n\t\t\t\t\t\t\t<div\n\t\t\t\t\t\t\t\tclass=\"wp-block-button has-custom-width wp-block-button__width-100 has-custom-font-size booking-btn has-secondary-font-family\">\n\t\t\t\t\t\t\t\t<a href=\"https:\/\/www.lemonloo.com\/es\/hebergements\/localizacion-xl\/\"\n\t\t\t\t\t\t\t\t\tclass=\"wp-block-button__link has-white-color has-text-color has-background has-link-color has-text-align-center wp-element-button\">\n\t\t\t\t\t\t\t\t\tDescubrir\t\t\t\t\t\t\t\t<\/a>\n\t\t\t\t\t\t\t<\/div>\n\t\t\t\t\t\t<\/div>\n\t\t\t\t\t\t<div class=\"booking_last\">\n\t\t\t\t\t\t\t<p class=\"booking_last_content\">\n\t\t\t\t\t\t\t\tM\u00e1s de <span class=\"booking_last_value\"><\/span> <br> disponibles\t\t\t\t\t\t\t<\/p>\n\t\t\t\t\t\t<\/div>\n\t\t\t\t\t\t<div class=\"booking_exclusive is-style-hover-image-effect\"><\/div>\n\t\t\t\t\t<\/div>\n\t\t\t\t<\/li>\n\n\t\t\t\t\t\t\t<li class=\"swiper-slide\">\n\t\t\t\t\t<div class=\"wp-block-group card-gamme is-style-default is-style-relative\"\n\t\t\t\t\t\t data-booking-product=\"27747\" data-booking-etab=\"854\" data-capacity=\"2\"\t\t\t\t\t\t data-product-filters='[{\"code\":\"surface\",\"type\":\"number\",\"value\":100},{\"code\":\"shaded\",\"type\":\"boolean\",\"value\":true},{\"code\":\"pets-allowed\",\"type\":\"boolean\",\"value\":true},{\"code\":\"electricity\",\"type\":\"boolean\",\"value\":true}]'>\n\t\t\t\t\t\t<div class=\"wp-block-group thumbnail-image\">\n\t\t\t\t\t\t\t<a href=\"https:\/\/www.lemonloo.com\/es\/hebergements\/tamano-del-paso-l\/\" title=\"Tama\u00f1o del paso L\">\n\t\t\t\t\t\t\t\t<figure class=\"wp-block-image alignfull size-large\" style=\"margin:0;\">\n\t\t\t\t\t\t\t\t\t<img decoding=\"async\" src=\"https:\/\/www.lemonloo.com\/wp-content\/uploads\/2026\/01\/00001095354.jpg\"\n\t\t\t\t\t\t\t\t\t\talt=\"Tama\u00f1o del paso L\" \/>\n\t\t\t\t\t\t\t\t<\/figure>\n\t\t\t\t\t\t\t\t<div class=\"full\">\n\t\t\t\t\t\t\t\t\t<p class=\"text\">Disponible en otras fechas<\/p>\n\t\t\t\t\t\t\t\t<\/div>\n\t\t\t\t\t\t\t<\/a>\n\t\t\t\t\t\t<\/div>\n\n\n\t\t\t\t\t\t<div class=\"wp-block-group has-white-background-color has-background card-content\">\n\t\t\t\t\t\t\t<div class=\"wp-block-group content\">\n\t\t\t\t\t\t\t\t<h3 class=\"wp-block-heading has-secondary-color has-link-color has-secondary-color\">\n\t\t\t\t\t\t\t\t\tTama\u00f1o del paso L\t\t\t\t\t\t\t\t<\/h3>\n\n\t\t\t\t\t\t\t\t\t\t\t\t\t\t\t<\/div>\n\n\t\t\t\t\t\t\t<div class=\"wp-block-group card-price has-background\">\n\t\t\t\t\t\t\t\t<div class=\"loader\">\n\t\t\t\t\t\t\t\t\t<span class=\"dot\"><\/span>\n\t\t\t\t\t\t\t\t\t<span class=\"dot\"><\/span>\n\t\t\t\t\t\t\t\t\t<span class=\"dot\"><\/span>\n\t\t\t\t\t\t\t\t<\/div>\n\t\t\t\t\t\t\t\t<div class=\"booking_default\">\n\t\t\t\t\t\t\t\t\t<p class=\"has-text-align-right\">A partir de<\/p>\n\n\t\t\t\t\t\t\t\t\t<p class=\"has-text-align-right booking_price has-secondary-font-family\"><\/p>\n\t\t\t\t\t\t\t\t\t<p class=\"has-text-align-right booking_no_discount has-secondary-font-family\"><\/p>\n\n\t\t\t\t\t\t\t\t\t<p class=\"has-text-align-right dates\">\n\t\t\t\t\t\t\t\t\t\tDel <span class=\"start\"><\/span> al <span class=\"end\"><\/span>\t\t\t\t\t\t\t\t\t<\/p>\n\t\t\t\t\t\t\t\t<\/div>\n\t\t\t\t\t\t\t\t<div class=\"wp-block-group booking_alt\">\n\t\t\t\t\t\t\t\t\t<p class=\"booking_alt_text\">Disponible en otras fechas<\/p>\n\t\t\t\t\t\t\t\t\t<div class=\"booking_alt_content\">\n\t\t\t\t\t\t\t\t\t<\/div>\n\t\t\t\t\t\t\t\t<\/div>\n\t\t\t\t\t\t\t<\/div>\n\t\t\t\t\t\t<\/div>\n\n\t\t\t\t\t\t<div class=\"wp-block-buttons has-custom-font-size has-l-font-size\">\n\t\t\t\t\t\t\t<div\n\t\t\t\t\t\t\t\tclass=\"wp-block-button has-custom-width wp-block-button__width-100 has-custom-font-size booking-btn has-secondary-font-family\">\n\t\t\t\t\t\t\t\t<a href=\"https:\/\/www.lemonloo.com\/es\/hebergements\/tamano-del-paso-l\/\"\n\t\t\t\t\t\t\t\t\tclass=\"wp-block-button__link has-white-color has-text-color has-background has-link-color has-text-align-center wp-element-button\">\n\t\t\t\t\t\t\t\t\tDescubrir\t\t\t\t\t\t\t\t<\/a>\n\t\t\t\t\t\t\t<\/div>\n\t\t\t\t\t\t<\/div>\n\t\t\t\t\t\t<div class=\"booking_last\">\n\t\t\t\t\t\t\t<p class=\"booking_last_content\">\n\t\t\t\t\t\t\t\tM\u00e1s de <span class=\"booking_last_value\"><\/span> <br> disponibles\t\t\t\t\t\t\t<\/p>\n\t\t\t\t\t\t<\/div>\n\t\t\t\t\t\t<div class=\"booking_exclusive is-style-hover-image-effect\"><\/div>\n\t\t\t\t\t<\/div>\n\t\t\t\t<\/li>\n\n\t\t\t\t\t\t\t<li class=\"swiper-slide\">\n\t\t\t\t\t<div class=\"wp-block-group card-gamme is-style-default is-style-relative\"\n\t\t\t\t\t\t data-booking-product=\"127595\" data-booking-etab=\"854\" data-capacity=\"2\"\t\t\t\t\t\t data-product-filters='[{\"code\":\"surface\",\"type\":\"number\",\"value\":90},{\"code\":\"shaded\",\"type\":\"boolean\",\"value\":true},{\"code\":\"pets-allowed\",\"type\":\"boolean\",\"value\":true},{\"code\":\"electricity\",\"type\":\"boolean\",\"value\":true}]'>\n\t\t\t\t\t\t<div class=\"wp-block-group thumbnail-image\">\n\t\t\t\t\t\t\t<a href=\"https:\/\/www.lemonloo.com\/es\/hebergements\/tamano-del-paso-s\/\" title=\"Tama\u00f1o del paso S\">\n\t\t\t\t\t\t\t\t<figure class=\"wp-block-image alignfull size-large\" style=\"margin:0;\">\n\t\t\t\t\t\t\t\t\t<img decoding=\"async\" src=\"https:\/\/www.lemonloo.com\/wp-content\/uploads\/2026\/01\/00001095355-1024x768.jpg\"\n\t\t\t\t\t\t\t\t\t\talt=\"Tama\u00f1o del paso S\" \/>\n\t\t\t\t\t\t\t\t<\/figure>\n\t\t\t\t\t\t\t\t<div class=\"full\">\n\t\t\t\t\t\t\t\t\t<p class=\"text\">Disponible en otras fechas<\/p>\n\t\t\t\t\t\t\t\t<\/div>\n\t\t\t\t\t\t\t<\/a>\n\t\t\t\t\t\t<\/div>\n\n\n\t\t\t\t\t\t<div class=\"wp-block-group has-white-background-color has-background card-content\">\n\t\t\t\t\t\t\t<div class=\"wp-block-group content\">\n\t\t\t\t\t\t\t\t<h3 class=\"wp-block-heading has-secondary-color has-link-color has-secondary-color\">\n\t\t\t\t\t\t\t\t\tTama\u00f1o del paso S\t\t\t\t\t\t\t\t<\/h3>\n\n\t\t\t\t\t\t\t\t\t\t\t\t\t\t\t<\/div>\n\n\t\t\t\t\t\t\t<div class=\"wp-block-group card-price has-background\">\n\t\t\t\t\t\t\t\t<div class=\"loader\">\n\t\t\t\t\t\t\t\t\t<span class=\"dot\"><\/span>\n\t\t\t\t\t\t\t\t\t<span class=\"dot\"><\/span>\n\t\t\t\t\t\t\t\t\t<span class=\"dot\"><\/span>\n\t\t\t\t\t\t\t\t<\/div>\n\t\t\t\t\t\t\t\t<div class=\"booking_default\">\n\t\t\t\t\t\t\t\t\t<p class=\"has-text-align-right\">A partir de<\/p>\n\n\t\t\t\t\t\t\t\t\t<p class=\"has-text-align-right booking_price has-secondary-font-family\"><\/p>\n\t\t\t\t\t\t\t\t\t<p class=\"has-text-align-right booking_no_discount has-secondary-font-family\"><\/p>\n\n\t\t\t\t\t\t\t\t\t<p class=\"has-text-align-right dates\">\n\t\t\t\t\t\t\t\t\t\tDel <span class=\"start\"><\/span> al <span class=\"end\"><\/span>\t\t\t\t\t\t\t\t\t<\/p>\n\t\t\t\t\t\t\t\t<\/div>\n\t\t\t\t\t\t\t\t<div class=\"wp-block-group booking_alt\">\n\t\t\t\t\t\t\t\t\t<p class=\"booking_alt_text\">Disponible en otras fechas<\/p>\n\t\t\t\t\t\t\t\t\t<div class=\"booking_alt_content\">\n\t\t\t\t\t\t\t\t\t<\/div>\n\t\t\t\t\t\t\t\t<\/div>\n\t\t\t\t\t\t\t<\/div>\n\t\t\t\t\t\t<\/div>\n\n\t\t\t\t\t\t<div class=\"wp-block-buttons has-custom-font-size has-l-font-size\">\n\t\t\t\t\t\t\t<div\n\t\t\t\t\t\t\t\tclass=\"wp-block-button has-custom-width wp-block-button__width-100 has-custom-font-size booking-btn has-secondary-font-family\">\n\t\t\t\t\t\t\t\t<a href=\"https:\/\/www.lemonloo.com\/es\/hebergements\/tamano-del-paso-s\/\"\n\t\t\t\t\t\t\t\t\tclass=\"wp-block-button__link has-white-color has-text-color has-background has-link-color has-text-align-center wp-element-button\">\n\t\t\t\t\t\t\t\t\tDescubrir\t\t\t\t\t\t\t\t<\/a>\n\t\t\t\t\t\t\t<\/div>\n\t\t\t\t\t\t<\/div>\n\t\t\t\t\t\t<div class=\"booking_last\">\n\t\t\t\t\t\t\t<p class=\"booking_last_content\">\n\t\t\t\t\t\t\t\tM\u00e1s de <span class=\"booking_last_value\"><\/span> <br> disponibles\t\t\t\t\t\t\t<\/p>\n\t\t\t\t\t\t<\/div>\n\t\t\t\t\t\t<div class=\"booking_exclusive is-style-hover-image-effect\"><\/div>\n\t\t\t\t\t<\/div>\n\t\t\t\t<\/li>\n\n\t\t\t\t\t<\/ul>\n\n\t<\/div>\n\n<\/div>\n<\/div>\n\n<div class=\"wp-block-group alignfull lml-gamme-content-wrapper has-secondary-background-color has-background is-layout-flow wp-block-group-is-layout-flow\" style=\"padding-top:23rem;padding-bottom:10rem\">\n<div class=\"wp-block-group is-centered has-global-padding is-layout-constrained wp-container-core-group-is-layout-612de5cf wp-block-group-is-layout-constrained\" style=\"min-height:50vh;margin-bottom:var(--wp--preset--spacing--xl);padding-right:var(--wp--preset--spacing--m);padding-left:var(--wp--preset--spacing--m)\">\n<div class=\"wp-block-group is-centered is-vertical is-layout-flex wp-container-core-group-is-layout-fe9cc265 wp-block-group-is-layout-flex\">\n<div class=\"wp-block-group is-m-col is-nowrap is-layout-flex wp-container-core-group-is-layout-e43e2d1a wp-block-group-is-layout-flex\" style=\"margin-bottom:var(--wp--preset--spacing--xl)\">\n<p class=\"is-style-hrz-p--subtitle has-ternary-color has-text-color has-link-color wp-elements-60c13a4270e6f732b07c41efdb07af3a\">Nuestras sedes :<\/p>\n\n\n\n<p class=\"is-style-hrz-p--subtitlebis is-underlined-turquoise has-turquoise-color has-text-color has-link-color has-l-font-size wp-elements-18bdfd7431a64a0f0916c28ae4f204e9\">tu relajaci\u00f3n<\/p>\n<\/div>\n\n\n\n<p class=\"is-style-hrz-p--title is-t-centered has-ternary-color has-text-color has-link-color wp-elements-a44b54e45d92ee280704077cce323306\">Disfruta de una vista impresionante<\/p>\n\n\n\n<div class=\"wp-block-group elem elem4b is-layout-flow wp-block-group-is-layout-flow\">\n<figure class=\"wp-block-image size-full elem wp-duotone-bg-brown\"><img alt=\"\" decoding=\"async\" src=\"https:\/\/www.lemonloo.com\/wp-content\/uploads\/2026\/01\/FLEURS-1.svg\" alt=\"\" class=\"wp-image-241\" style=\"object-fit:cover\"\/><\/figure>\n<\/div>\n<\/div>\n<\/div>\n\n\n\n<div class=\"wp-block-group has-global-padding is-layout-constrained wp-container-core-group-is-layout-0416ff56 wp-block-group-is-layout-constrained\" style=\"padding-right:var(--wp--preset--spacing--m);padding-left:var(--wp--preset--spacing--m)\">\n<div class=\"wp-block-columns is-layout-flex wp-container-core-columns-is-layout-28f84493 wp-block-columns-is-layout-flex\">\n<div class=\"wp-block-column is-layout-flow wp-block-column-is-layout-flow\">\n<h2 class=\"wp-block-heading has-text-align-left is-style-hrz-title--sub has-turquoise-color has-text-color has-link-color wp-elements-8259882ae4dcc577178ef3ad6ad02dfd\" style=\"margin-bottom:var(--wp--preset--spacing--s)\">Camping Bagn\u00e8res de Bigorre<\/h2>\n\n\n\n<p class=\"has-text-align-left is-style-hrz-p--subtitlebis has-ternary-color has-text-color has-link-color wp-elements-a7f36bd9eae55043f8511031f567e07b\" style=\"margin-bottom:var(--wp--preset--spacing--xl)\">nuestras parcelas en Altos Pirineos<\/p>\n\n\n\n<p class=\"has-text-align-left is-style-hrz-p--base has-ternary-color has-text-color has-link-color wp-elements-df42ac2a0b31e94dfc181e81f3ead447\">Nuestro camping de los Altos Pirineos tambi\u00e9n acoge a los amantes de la acampada en tienda, caravana, furgoneta, furgoneta combi, furgoneta transformada o autocaravana, con parcelas amplias y sombreadas de 90 a 120 m\u00b2. Situadas junto a los \u00e1rboles, est\u00e1n alfombradas con un precioso c\u00e9sped espeso para tu comodidad. Todas las parcelas tienen acceso a tomas de electricidad individuales o compartidas, as\u00ed como a cuatro bloques de aseos cuidadosamente mantenidos con lavabos, duchas e inodoros individuales, grandes fregaderos compartidos, tomas de agua y un rinc\u00f3n para beb\u00e9s, as\u00ed como lavadoras y secadoras que funcionan con fichas.  <\/p>\n\n\n\n<p class=\"has-text-align-left is-style-hrz-p--base has-ternary-color has-text-color has-link-color wp-elements-0465749fe95ae249f272e4047ced9db2\" style=\"margin-top:var(--wp--preset--spacing--s)\">Un pr\u00e1ctico servicio reservado a los usuarios de autocaravanas, furgonetas y caravanas en nuestras parcelas: en el aparcamiento interior, junto al edificio de recepci\u00f3n, hay una boca de riego con toma de agua y vaciado de WC qu\u00edmicos.<\/p>\n<\/div>\n\n\n\n<div class=\"wp-block-column is-vertically-aligned-center col-img is-layout-flow wp-block-column-is-layout-flow\">\n<div class=\"wp-block-group is-content-justification-center is-nowrap is-layout-flex wp-container-core-group-is-layout-db2157da wp-block-group-is-layout-flex\">\n<figure class=\"wp-block-image size-full wp-container-content-100d69fb wp-duotone-bg-t-clair\"><img alt=\"\" decoding=\"async\" src=\"https:\/\/www.lemonloo.com\/wp-content\/uploads\/2026\/01\/tente2.svg\" alt=\"\" class=\"wp-image-233\" style=\"object-fit:cover\"\/><\/figure>\n\n\n\n<figure class=\"wp-block-image size-full wp-container-content-b04ba3db wp-duotone-bg-t-clair\"><img alt=\"\" decoding=\"async\" src=\"https:\/\/www.lemonloo.com\/wp-content\/uploads\/2026\/01\/MH.svg\" alt=\"\" class=\"wp-image-245\" style=\"object-fit:cover\"\/><\/figure>\n<\/div>\n<\/div>\n<\/div>\n<\/div>\n<\/div>\n","protected":false},"excerpt":{"rendered":"<p>Nuestras parcelas de camping en Bagn\u00e8res de Bigorre Tus vacaciones en la monta\u00f1a Durante tus pr\u00f3ximas vacaciones en los colores del Suroeste, en el coraz\u00f3n de la regi\u00f3n de Occitanie en los Pirineos, \u00a1ven a disfrutar de los encantos de la monta\u00f1a desde nuestro camping de Bagn\u00e8res de Bigorre! Ven a recargar las pilas en [&hellip;]<\/p>\n","protected":false},"author":1,"featured_media":0,"parent":0,"menu_order":19,"comment_status":"closed","ping_status":"closed","template":"page-no-title","meta":{"_acf_changed":false,"_seopress_robots_primary_cat":"","_seopress_titles_title":"Parcelas Camping Bagneres de Bigorre | Le Monl\u00f4o 4* | Camping 65","_seopress_titles_desc":"\u00a1Instala tu autocaravana o caravana en una de nuestras parcelas de camping! Tus pr\u00f3ximas vacaciones en los Altos Pirineos te esperan en Le Monl\u00f4o. ","_seopress_robots_index":"","footnotes":""},"class_list":["post-992","page","type-page","status-publish","hentry"],"acf":[],"_links":{"self":[{"href":"https:\/\/www.lemonloo.com\/es\/wp-json\/wp\/v2\/pages\/992","targetHints":{"allow":["GET"]}}],"collection":[{"href":"https:\/\/www.lemonloo.com\/es\/wp-json\/wp\/v2\/pages"}],"about":[{"href":"https:\/\/www.lemonloo.com\/es\/wp-json\/wp\/v2\/types\/page"}],"author":[{"embeddable":true,"href":"https:\/\/www.lemonloo.com\/es\/wp-json\/wp\/v2\/users\/1"}],"replies":[{"embeddable":true,"href":"https:\/\/www.lemonloo.com\/es\/wp-json\/wp\/v2\/comments?post=992"}],"version-history":[{"count":2,"href":"https:\/\/www.lemonloo.com\/es\/wp-json\/wp\/v2\/pages\/992\/revisions"}],"predecessor-version":[{"id":999,"href":"https:\/\/www.lemonloo.com\/es\/wp-json\/wp\/v2\/pages\/992\/revisions\/999"}],"wp:attachment":[{"href":"https:\/\/www.lemonloo.com\/es\/wp-json\/wp\/v2\/media?parent=992"}],"curies":[{"name":"wp","href":"https:\/\/api.w.org\/{rel}","templated":true}]}}